{"id":882,"date":"2023-12-14T11:40:11","date_gmt":"2023-12-14T10:40:11","guid":{"rendered":"https:\/\/grupobaviera.es\/accionistas-inversores\/?page_id=882"},"modified":"2024-12-04T09:14:09","modified_gmt":"2024-12-04T08:14:09","slug":"aviso-legal","status":"publish","type":"page","link":"https:\/\/grupobaviera.es\/accionistas-inversores\/aviso-legal\/","title":{"rendered":"Aviso Legal"},"content":{"rendered":"<div class=\"wpb-content-wrapper\"><p>[vc_row full_width=\u00bbstretch_row_content_no_spaces\u00bb el_class=\u00bbcookies-container\u00bb][vc_column][vc_column_text]<\/p>\n<h1>Aviso legal<\/h1>\n<p>[\/vc_column_text][vc_row_inner][vc_column_inner][vc_column_text el_class=\u00bbcnt\u00bb]<\/p>\n<h2>1. Informaci\u00f3n general<\/h2>\n<p>Para dar cumplimiento con lo establecido en la Ley 34\/2002, de 11 de julio, de servicios de la sociedad de informaci\u00f3n y de comercio electr\u00f3nico, a continuaci\u00f3n se indican los datos de informaci\u00f3n general de este sitio Web:<\/p>\n<ul>\n<li>Titular:\u00a0CLINICA BAVIERA, S.A<\/li>\n<li>Direcci\u00f3n: Paseo de la Castellana n\u00ba 20, 28046 &#8211; Madrid<\/li>\n<li>Contacto: 917819880<\/li>\n<li>info@clinicabaviera.com<\/li>\n<li>Datos Registrales: Registro Mercantil de Madrid, Hoja n\u00ba M- 40728, inscripci\u00f3n 16, folio 190 , Tomo 12.405 de Secci\u00f3n 8 del Libro de Sociedades.<\/li>\n<li>CIF: A-80240427<\/li>\n<li>Inscrita con el n\u00famero CS 2046 de registro sanitario concedido por la Consejer\u00eda de Sanidad de la Comunidad de Madrid para ejercer como centro sanitario.N\u00ba de Fax: 917819881<\/li>\n<\/ul>\n<p>[\/vc_column_text][vc_column_text el_class=\u00bbcnt\u00bb]<\/p>\n<h2>2. Uso de la p\u00e1gina Web, sus servicios y contenidos<\/h2>\n<p>Este Website ha sido creado por\u00a0CLINICA BAVIERA, S.A\u00a0(\u00abCLINICA BAVIERA\u00bb), con car\u00e1cter informativo y para uso de sus accionistas.<br \/>\nEl hecho de acceder a este Website implica el conocimiento y aceptaci\u00f3n de los siguientes t\u00e9rminos y condiciones:<\/p>\n<ul>\n<li>El acceso a este Website es responsabilidad exclusiva de los usuarios.<\/li>\n<li>El acceso y navegaci\u00f3n en este Website supone aceptar y conocer las advertencias legales, condiciones y t\u00e9rminos uso contenidas en \u00e9l.<\/li>\n<\/ul>\n<p>El acceso a esta p\u00e1gina Web atribuye a quien lo realice la condici\u00f3n de \u00abusuario\u00bb. Por el mero hecho de utilizar esta p\u00e1gina Web, el usuario acepta plenamente los t\u00e9rminos y condiciones aqu\u00ed establecidos y se compromete a hacerlo de conformidad con la ley y respetando las dem\u00e1s instrucciones de uso contenidas en \u00e9sta p\u00e1gina Web.<\/p>\n<p>El usuario declara bajo su responsabilidad ser mayor de edad y tener capacidad legal para operar en la p\u00e1gina Web. Se compromete a ser el responsable de todo cuanto realice en este lugar. Declara igualmente que toda la informaci\u00f3n que facilita es verdadera y exacta, sin limitaciones, reservas o falsedades. El uso excesivo o abusivo de esta p\u00e1gina Web puede tener como consecuencia que se le deniegue el acceso a los servicios contenidos en la misma. Se proh\u00edbe:<br \/>\n[\/vc_column_text][vc_column_text el_class=\u00bbcnt\u00bb]<\/p>\n<h2>3. Modificaci\u00f3n Unilateral<\/h2>\n<p>CLINICA BAVIERA, siempre que lo considere oportuno, podr\u00e1 modificar unilateralmente y sin previo aviso estructura y dise\u00f1o de la p\u00e1gina Web, as\u00ed como modificar o eliminar, sus servicios, contenidos y condiciones de acceso y utilizaci\u00f3n.<br \/>\n[\/vc_column_text][vc_column_text el_class=\u00bbcnt\u00bb]<\/p>\n<h2>4. Registro de Usuarios de la Web<\/h2>\n<p>Toda la informaci\u00f3n relativa al tratamiento de los datos obtenidos a trav\u00e9s de la Web encuentra en la\u00a0<a href=\"https:\/\/grupobaviera.es\/accionistas-inversores\/politica-de-cookies\/\">Pol\u00edtica de Privacidad<\/a>.[\/vc_column_text][vc_column_text el_class=\u00bbcnt\u00bb]<\/p>\n<h2>5. Duraci\u00f3n<\/h2>\n<p>La duraci\u00f3n de la prestaci\u00f3n del servicio del sitio Web y de los servicios es de car\u00e1cter indefinido. Sin perjuicio de lo anterior,\u00a0CLINICA BAVIERA\u00a0se reserva el derecho para, interrumpir, suspender o terminar la prestaci\u00f3n del servicio del sitio Web o de cualquiera de los servicios que lo integran.<br \/>\n[\/vc_column_text][vc_column_text el_class=\u00bbcnt\u00bb]<\/p>\n<h2>6. Propiedad intelectual<\/h2>\n<p>CLINICA BAVIERA\u00a0es titular, de forma directa o indirecta, de todos los derechos de propiedad intelectual y derechos comparables en cuanto a esta p\u00e1gina se refiere, tanto de los Contenidos de la p\u00e1gina Web, como de los textos, dise\u00f1o gr\u00e1fico y c\u00f3digos u otros elementos de cualquier \u00edndole que los integren.<br \/>\nEl Usuario puede visualizar todos los Contenidos, imprimirlos, copiarlos y almacenarlos en el disco duro de ordenador o en cualquier otro soporte f\u00edsico, siempre y cuando sea, \u00fanica y exclusivamente, para su uso personal privado, quedando, por tanto, terminantemente prohibida su utilizaci\u00f3n con fines comerciales, su distribuci\u00f3n, as\u00ed como modificaci\u00f3n, alteraci\u00f3n o descompilaci\u00f3n.<br \/>\nPor ello, la copia, reproducci\u00f3n, distribuci\u00f3n, comunicaci\u00f3n p\u00fablica y transformaci\u00f3n de los mismos deber\u00e1 ser autorizada previa y expresamente por escrito por\u00a0CLINICA BAVIERA.<br \/>\nCLINICA BAVIERA\u00a0autoriza referencias a sus Contenidos en otras p\u00e1ginas Web, \u00fanicamente cuando no los reproduzcan. En el caso de disponer de un enlace hipertexto a alguna de sus p\u00e1ginas, el Usuario debe saber que est\u00e1 entrando en la Web de\u00a0CLINICA BAVIERA\u00a0y debe percibir en su navegador su direcci\u00f3n URL.<br \/>\n[\/vc_column_text][vc_column_text el_class=\u00bbcnt\u00bb]<\/p>\n<h2>7. Propiedad industrial<\/h2>\n<p>Las marcas, nombres comerciales, signos distintivos de cualquier clase y nombres de dominio contenidos en las p\u00e1gina Web de\u00a0CLINICA BAVIERA\u00a0est\u00e1n registrados por esta Entidad y protegidos por ley.<\/p>\n<p>Los signos distintivos y nombres de dominio que aparecen en estas p\u00e1ginas Web utilizadas para identificar a otros proveedores de bienes o servicios, pertenecen a sus respectivos propietarios.<\/p>\n<p>Nada de lo contenido en estas p\u00e1ginas Web ser\u00e1 interpretado como renuncia o cesi\u00f3n a los derechos que corresponden a\u00a0CLINICA BAVIERA\u00a0derivados de la propiedad intelectual o industrial o de derechos comparables sobre los bienes que sus respectivas normas regulan.[\/vc_column_text][vc_column_text el_class=\u00bbcnt\u00bb]<\/p>\n<h2>8. Responsabilidades<\/h2>\n<p>CLINICA BAVIERA\u00a0no ser\u00e1 responsable de los da\u00f1os y perjuicios que pudieran derivarse de la utilizaci\u00f3n versiones de navegadores no actualizadas, del mal funcionamiento del navegador, ya sea por configuraci\u00f3n inadecuada, presencia de virus inform\u00e1ticos o cualquier otra causa ajena a\u00a0CLINICA BAVIERA.<\/p>\n<p>El Usuario se compromete a hacer un uso adecuado de los Contenidos y a no emplearlos para incurrir en actividades il\u00edcitas o contrarias a la buena fe y al ordenamiento legal, provocar da\u00f1os en los sistemas f\u00edsicos y l\u00f3gicos de\u00a0CLINICA BAVIERA, de sus proveedores o de terceras personas, introducir o difundir en la red virus inform\u00e1ticos o cualesquiera otros sistemas f\u00edsicos o l\u00f3gicos que sean susceptibles de provocar los da\u00f1os anteriormente mencionados.<\/p>\n<p>El acceso y uso de la informaci\u00f3n contenida en esta web, es responsabilidad exclusiva de la persona que acceda a ella o la utilice, no siendo\u00a0CLINICA BAVIERA, responsable de los posibles da\u00f1os y perjuicios que pudieren derivarse tanto del uso que pudiera hacerse de dicha informaci\u00f3n como de transmisi\u00f3n o intercambio de informaci\u00f3n entre Usuarios a trav\u00e9s de sus p\u00e1ginas Web.[\/vc_column_text][vc_column_text el_class=\u00bbcnt\u00bb]<\/p>\n<h2>9. Acceso y uso<\/h2>\n<p>Con car\u00e1cter general, los Usuarios podr\u00e1n acceder al sitio Web de forma libre y gratuita, salvo al apartado de Foro de Accionistas, donde ser\u00e1 necesaria la creaci\u00f3n previa de un usuario por parte de CLINICA BAVIERA.<\/p>\n<p>No obstante,\u00a0CLINICA BAVIERA, se reserva, conforme a la legislaci\u00f3n vigente, el derecho de limitar todo parcialmente, suspender o cancelar el acceso a la Web en cualquier momento, de forma total o parcial.<\/p>\n<p>En consecuencia,\u00a0CLINICA BAVIERA, no garantiza la fiabilidad, la disponibilidad, ni la continuidad de sitio Web, ni de sus Contenidos, por lo que la utilizaci\u00f3n de los mismos por parte del Usuario se lleva a cabo por propia cuenta y riesgo, sin que, en ning\u00fan momento, puedan exigirse responsabilidades a\u00a0CLINICA BAVIERA en este sentido.<\/p>\n<p>El usuario deber\u00e1 usar datos verdaderos, exactos, completos y actualizados. El usuario ser\u00e1 el \u00fanico responsable de cualquier da\u00f1o o perjuicio, directo o indirecto, que pudiera ocasionar a\u00a0CLINICA BAVIERA\u00a0o a cualquier tercero a causa del uso de datos falsos, inexactos, incompletos o no actualizados.[\/vc_column_text][vc_column_text el_class=\u00bbcnt\u00bb]<\/p>\n<h2>10. Jurisdicci\u00f3n<\/h2>\n<p>CLINICA BAVIERA\u00a0y el usuario se regir\u00e1n por la legislaci\u00f3n espa\u00f1ola para cuantas cuestiones pudieran suscitarse o acciones ejercitarse derivadas del funcionamiento de la p\u00e1gina Web, sus servicios y contenidos y sobre la interpretaci\u00f3n, aplicaci\u00f3n, cumplimiento o incumplimiento de lo aqu\u00ed establecido y se someten de forma expresa a los Juzgados y Tribunales de Madrid.<br \/>\n[\/vc_column_text][\/vc_column_inner][\/vc_row_inner][\/vc_column][\/vc_row]<\/p>\n<\/div>","protected":false},"excerpt":{"rendered":"<p>[vc_row full_width=\u00bbstretch_row_content_no_spaces\u00bb el_class=\u00bbcookies-container\u00bb][vc_column][vc_column_text] Aviso legal [\/vc_column_text][vc_row_inner][vc_column_inner][vc_column_text el_class=\u00bbcnt\u00bb] 1. Informaci\u00f3n general Para dar cumplimiento con lo establecido en la Ley 34\/2002, de 11 de julio, de servicios de la sociedad de informaci\u00f3n y de comercio electr\u00f3nico, a continuaci\u00f3n se indican los datos de informaci\u00f3n general de este sitio Web: Titular:\u00a0CLINICA BAVIERA, S.A Direcci\u00f3n: Paseo de la &#8230; <a title=\"Aviso Legal\" class=\"read-more\" href=\"https:\/\/grupobaviera.es\/accionistas-inversores\/aviso-legal\/\" aria-label=\"Leer m\u00e1s sobre Aviso Legal\">Leer m\u00e1s<\/a><\/p>\n","protected":false},"author":3,"featured_media":0,"parent":0,"menu_order":0,"comment_status":"closed","ping_status":"closed","template":"","meta":{"_acf_changed":false,"inline_featured_image":false,"footnotes":""},"class_list":["post-882","page","type-page","status-publish"],"acf":[],"_links":{"self":[{"href":"https:\/\/grupobaviera.es\/accionistas-inversores\/wp-json\/wp\/v2\/pages\/882","targetHints":{"allow":["GET"]}}],"collection":[{"href":"https:\/\/grupobaviera.es\/accionistas-inversores\/wp-json\/wp\/v2\/pages"}],"about":[{"href":"https:\/\/grupobaviera.es\/accionistas-inversores\/wp-json\/wp\/v2\/types\/page"}],"author":[{"embeddable":true,"href":"https:\/\/grupobaviera.es\/accionistas-inversores\/wp-json\/wp\/v2\/users\/3"}],"replies":[{"embeddable":true,"href":"https:\/\/grupobaviera.es\/accionistas-inversores\/wp-json\/wp\/v2\/comments?post=882"}],"version-history":[{"count":4,"href":"https:\/\/grupobaviera.es\/accionistas-inversores\/wp-json\/wp\/v2\/pages\/882\/revisions"}],"predecessor-version":[{"id":1939,"href":"https:\/\/grupobaviera.es\/accionistas-inversores\/wp-json\/wp\/v2\/pages\/882\/revisions\/1939"}],"wp:attachment":[{"href":"https:\/\/grupobaviera.es\/accionistas-inversores\/wp-json\/wp\/v2\/media?parent=882"}],"curies":[{"name":"wp","href":"https:\/\/api.w.org\/{rel}","templated":true}]}}