{"id":623,"date":"2023-09-06T01:38:02","date_gmt":"2023-09-05T23:38:02","guid":{"rendered":"https:\/\/grupobaviera.es\/accionistas-inversores\/?page_id=623"},"modified":"2026-02-27T17:34:07","modified_gmt":"2026-02-27T16:34:07","slug":"informacion-publica-periodica-ipp","status":"publish","type":"page","link":"https:\/\/grupobaviera.es\/accionistas-inversores\/informacion-publica-periodica-ipp\/","title":{"rendered":"Informaci\u00f3n P\u00fablica Peri\u00f3dica"},"content":{"rendered":"<div class=\"wpb-content-wrapper\"><p>[vc_row full_width=\u00bbstretch_row_content_no_spaces\u00bb el_class=\u00bbbanner\u00bb css=\u00bb.vc_custom_1691291754867{background-image: url(https:\/\/grupobaviera.es\/accionistas-inversores\/wp-content\/uploads\/2023\/08\/banner-des.jpg?id=132) !important;background-position: center !important;background-repeat: no-repeat !important;background-size: cover !important;}\u00bb][vc_column][vc_column_text]<\/p>\n<h1>Informaci\u00f3n P\u00fablica Peri\u00f3dica<\/h1>\n<p>[\/vc_column_text][\/vc_column][\/vc_row][vc_row full_width=\u00bbstretch_row_content_no_spaces\u00bb el_class=\u00bbbg1 tabs-descargas special-small\u00bb css=\u00bb.vc_custom_1716567413139{background-color: #f8f9fb !important;}\u00bb][vc_column][vc_tta_tabs section_title_tag=\u00bbh3&#8243; style=\u00bbflat\u00bb shape=\u00bbround\u00bb active_section=\u00bb1&#8243; no_fill_content_area=\u00bbtrue\u00bb][vc_tta_section title=\u00bb2025&#8243; tab_id=\u00bb1716464739315-09b1cf37-d1b9&#8243;][vc_column_text]<\/p>\n<h4>Resultados 2025<\/h4>\n<p><a href=\"https:\/\/grupobaviera.es\/accionistas-inversores\/wp-content\/uploads\/2026\/02\/CNMV-2025-Resultados.pdf\">Descargar PDF<\/a>[\/vc_column_text][vc_column_text]<\/p>\n<h4>Resultados 3T 2025<\/h4>\n<p><a href=\"https:\/\/grupobaviera.es\/accionistas-inversores\/wp-content\/uploads\/2025\/11\/3Q2025-Financial-Statements-Report-CNMV-version-ESP.pdf\">Descargar PDF<\/a>[\/vc_column_text][vc_column_text]<\/p>\n<h4>Resultados 1S 2025<\/h4>\n<p><a href=\"https:\/\/grupobaviera.es\/accionistas-inversores\/wp-content\/uploads\/2025\/07\/CNMV-1S-2025-Resultados.pdf\">Descargar PDF<\/a>[\/vc_column_text][vc_column_text]<\/p>\n<h4>Resultados 1Q 2025<\/h4>\n<p><a href=\"https:\/\/grupobaviera.es\/accionistas-inversores\/wp-content\/uploads\/2025\/05\/CNMV-1Q-2025-Resultados-1.pdf\">Descargar PDF<\/a>[\/vc_column_text][\/vc_tta_section][vc_tta_section title=\u00bb2024&#8243; tab_id=\u00bb1748363221557-f46019a8-8acd\u00bb][vc_column_text]<\/p>\n<h4>Resultados 2024<\/h4>\n<p><a href=\"https:\/\/grupobaviera.es\/accionistas-inversores\/wp-content\/uploads\/2025\/02\/CNMV-2024-Resultados.pdf\">Descargar PDF<\/a>[\/vc_column_text][vc_column_text]<\/p>\n<h4>Resultados 3T 2024<\/h4>\n<p><a href=\"https:\/\/grupobaviera.es\/accionistas-inversores\/wp-content\/uploads\/2024\/11\/CNMV-3Q-2024-Resultados.pdf\">Descargar PDF<\/a>[\/vc_column_text][vc_column_text]<\/p>\n<h4>Resultados 1S 2024<\/h4>\n<p><a href=\"https:\/\/grupobaviera.es\/accionistas-inversores\/wp-content\/uploads\/2024\/07\/CNMV-1S-2024-Resultados.pdf\" target=\"_blank\" rel=\"noopener\">Descargar PDF<\/a>[\/vc_column_text][vc_column_text]<\/p>\n<h4>Resultados 1T 2024<\/h4>\n<p><a href=\"https:\/\/grupobaviera.es\/accionistas-inversores\/wp-content\/uploads\/2024\/05\/CNMV-1Q-2024-Resultados.pdf\" target=\"_blank\" rel=\"noopener\">Descargar PDF<\/a>[\/vc_column_text][\/vc_tta_section][vc_tta_section title=\u00bb2023&#8243; tab_id=\u00bb1716464736180-b40655ac-1a86&#8243;][vc_column_text]<\/p>\n<h4>Resultados 2023<\/h4>\n<p><a href=\"https:\/\/grupobaviera.es\/accionistas-inversores\/wp-content\/uploads\/2024\/02\/CNMV-2023-Resultados.pdf\" target=\"_blank\" rel=\"noopener\">Descargar PDF<\/a>[\/vc_column_text][vc_column_text]<\/p>\n<h4>Resultados 3T 2023<\/h4>\n<p><a href=\"https:\/\/grupobaviera.es\/accionistas-inversores\/wp-content\/uploads\/2023\/12\/CNMV-3Q-2023-Resultados.pdf\" target=\"_blank\" rel=\"noopener\">Descargar PDF<\/a>[\/vc_column_text][vc_column_text]<\/p>\n<h4>Resultados 1S 2023<\/h4>\n<p><a href=\"https:\/\/grupobaviera.es\/accionistas-inversores\/wp-content\/uploads\/2023\/09\/CNMV-1S-2023-Resultados.pdf\" target=\"_blank\" rel=\"noopener\">Descargar PDF<\/a>[\/vc_column_text][vc_column_text]<\/p>\n<h4>Resultados 1T 2023<\/h4>\n<p><a href=\"https:\/\/grupobaviera.es\/accionistas-inversores\/wp-content\/uploads\/2023\/09\/Resultados-Primer-Trimestre-2023.pdf\" target=\"_blank\" rel=\"noopener\">Descargar PDF<\/a>[\/vc_column_text][\/vc_tta_section][vc_tta_section title=\u00bb2022&#8243; tab_id=\u00bb1716464736201-a0985d80-1303&#8243;][vc_column_text]<\/p>\n<h4>Resultados 2022<\/h4>\n<p><a href=\"https:\/\/grupobaviera.es\/accionistas-inversores\/wp-content\/uploads\/2023\/09\/CNMV-2022-Resultados.pdf\" target=\"_blank\" rel=\"noopener\">Descargar PDF<\/a>[\/vc_column_text][vc_column_text]<\/p>\n<h4>Resultados 3T 2022<\/h4>\n<p><a href=\"https:\/\/grupobaviera.es\/accionistas-inversores\/wp-content\/uploads\/2023\/09\/CNMV-3Q-2022-Resultados.pdf\" target=\"_blank\" rel=\"noopener\">Descargar PDF<\/a>[\/vc_column_text][vc_column_text]<\/p>\n<h4>Resultados 1S 2022<\/h4>\n<p><a href=\"https:\/\/grupobaviera.es\/accionistas-inversores\/wp-content\/uploads\/2023\/09\/CNMV-1H-2022-Resultados.pdf\" target=\"_blank\" rel=\"noopener\">Descargar PDF<\/a>[\/vc_column_text][vc_column_text]<\/p>\n<h4>Resultados 1T 2022<\/h4>\n<p><a href=\"https:\/\/grupobaviera.es\/accionistas-inversores\/wp-content\/uploads\/2023\/09\/CNMV-1Q-2022-Resultados.pdf\" target=\"_blank\" rel=\"noopener\">Descargar PDF<\/a>[\/vc_column_text][\/vc_tta_section][vc_tta_section title=\u00bb2021&#8243; tab_id=\u00bb1716464736221-952abd1d-7ba7&#8243;][vc_column_text]<\/p>\n<h4>Resultados 2021<\/h4>\n<p><a href=\"https:\/\/grupobaviera.es\/accionistas-inversores\/wp-content\/uploads\/2023\/09\/CNMV-2021-Resultados.pdf\" target=\"_blank\" rel=\"noopener\">Descargar PDF<\/a>[\/vc_column_text][vc_column_text]<\/p>\n<h4>Resultados 3T 2021<\/h4>\n<p><a href=\"https:\/\/grupobaviera.es\/accionistas-inversores\/wp-content\/uploads\/2023\/09\/ESP-2021-3TResultados.pdf\" target=\"_blank\" rel=\"noopener\">Descargar PDF<\/a>[\/vc_column_text][vc_column_text]<\/p>\n<h4>Resultados 1S 2021<\/h4>\n<p><a href=\"https:\/\/grupobaviera.es\/accionistas-inversores\/wp-content\/uploads\/2023\/09\/ESP-2021-1SResultados.pdf\" target=\"_blank\" rel=\"noopener\">Descargar PDF<\/a>[\/vc_column_text][vc_column_text]<\/p>\n<h4>Resultados 1T 2021<\/h4>\n<p><a href=\"https:\/\/grupobaviera.es\/accionistas-inversores\/wp-content\/uploads\/2023\/09\/ESP-2021-1TResultados.pdf\" target=\"_blank\" rel=\"noopener\">Descargar PDF<\/a>[\/vc_column_text][\/vc_tta_section][vc_tta_section title=\u00bb2020&#8243; tab_id=\u00bb1716464736244-53b17254-ebb6&#8243;][vc_column_text]<\/p>\n<h4>Resultados 2020<\/h4>\n<p><a href=\"https:\/\/grupobaviera.es\/accionistas-inversores\/wp-content\/uploads\/2023\/09\/ESP-2020-Resultados.pdf\" target=\"_blank\" rel=\"noopener\">Descargar PDF<\/a>[\/vc_column_text][vc_column_text]<\/p>\n<h4>Resultados 3T 2020<\/h4>\n<p><a href=\"https:\/\/grupobaviera.es\/accionistas-inversores\/wp-content\/uploads\/2023\/09\/ESP-3T2020-Resultados.pdf\" target=\"_blank\" rel=\"noopener\">Descargar PDF<\/a>[\/vc_column_text][vc_column_text]<\/p>\n<h4>Resultados 1S 2020<\/h4>\n<p><a href=\"https:\/\/grupobaviera.es\/accionistas-inversores\/wp-content\/uploads\/2023\/09\/ESP-1S2020-Resultados.pdf\" target=\"_blank\" rel=\"noopener\">Descargar PDF<\/a>[\/vc_column_text][vc_column_text]<\/p>\n<h4>Resultados 1T 2020<\/h4>\n<p><a href=\"https:\/\/grupobaviera.es\/accionistas-inversores\/wp-content\/uploads\/2023\/09\/ESP-1T2020-Resultados1.pdf\" target=\"_blank\" rel=\"noopener\">Descargar PDF<\/a>[\/vc_column_text][\/vc_tta_section][\/vc_tta_tabs][\/vc_column][\/vc_row]<\/p>\n<\/div>","protected":false},"excerpt":{"rendered":"<p>[vc_row full_width=\u00bbstretch_row_content_no_spaces\u00bb el_class=\u00bbbanner\u00bb css=\u00bb.vc_custom_1691291754867{background-image: url(https:\/\/grupobaviera.es\/accionistas-inversores\/wp-content\/uploads\/2023\/08\/banner-des.jpg?id=132) !important;background-position: center !important;background-repeat: no-repeat !important;background-size: cover !important;}\u00bb][vc_column][vc_column_text] Informaci\u00f3n P\u00fablica Peri\u00f3dica [\/vc_column_text][\/vc_column][\/vc_row][vc_row full_width=\u00bbstretch_row_content_no_spaces\u00bb el_class=\u00bbbg1 tabs-descargas special-small\u00bb css=\u00bb.vc_custom_1716567413139{background-color: #f8f9fb !important;}\u00bb][vc_column][vc_tta_tabs section_title_tag=\u00bbh3&#8243; style=\u00bbflat\u00bb shape=\u00bbround\u00bb active_section=\u00bb1&#8243; no_fill_content_area=\u00bbtrue\u00bb][vc_tta_section title=\u00bb2025&#8243; tab_id=\u00bb1716464739315-09b1cf37-d1b9&#8243;][vc_column_text] Resultados 2025 Descargar PDF[\/vc_column_text][vc_column_text] Resultados 3T 2025 Descargar PDF[\/vc_column_text][vc_column_text] Resultados 1S 2025 Descargar PDF[\/vc_column_text][vc_column_text] Resultados 1Q 2025 Descargar PDF[\/vc_column_text][\/vc_tta_section][vc_tta_section title=\u00bb2024&#8243; tab_id=\u00bb1748363221557-f46019a8-8acd\u00bb][vc_column_text] Resultados 2024 Descargar PDF[\/vc_column_text][vc_column_text] &#8230; <a title=\"Informaci\u00f3n P\u00fablica Peri\u00f3dica\" class=\"read-more\" href=\"https:\/\/grupobaviera.es\/accionistas-inversores\/informacion-publica-periodica-ipp\/\" aria-label=\"Leer m\u00e1s sobre Informaci\u00f3n P\u00fablica Peri\u00f3dica\">Leer m\u00e1s<\/a><\/p>\n","protected":false},"author":3,"featured_media":0,"parent":0,"menu_order":0,"comment_status":"closed","ping_status":"closed","template":"","meta":{"_acf_changed":false,"inline_featured_image":false,"footnotes":""},"class_list":["post-623","page","type-page","status-publish"],"acf":[],"_links":{"self":[{"href":"https:\/\/grupobaviera.es\/accionistas-inversores\/wp-json\/wp\/v2\/pages\/623","targetHints":{"allow":["GET"]}}],"collection":[{"href":"https:\/\/grupobaviera.es\/accionistas-inversores\/wp-json\/wp\/v2\/pages"}],"about":[{"href":"https:\/\/grupobaviera.es\/accionistas-inversores\/wp-json\/wp\/v2\/types\/page"}],"author":[{"embeddable":true,"href":"https:\/\/grupobaviera.es\/accionistas-inversores\/wp-json\/wp\/v2\/users\/3"}],"replies":[{"embeddable":true,"href":"https:\/\/grupobaviera.es\/accionistas-inversores\/wp-json\/wp\/v2\/comments?post=623"}],"version-history":[{"count":44,"href":"https:\/\/grupobaviera.es\/accionistas-inversores\/wp-json\/wp\/v2\/pages\/623\/revisions"}],"predecessor-version":[{"id":2307,"href":"https:\/\/grupobaviera.es\/accionistas-inversores\/wp-json\/wp\/v2\/pages\/623\/revisions\/2307"}],"wp:attachment":[{"href":"https:\/\/grupobaviera.es\/accionistas-inversores\/wp-json\/wp\/v2\/media?parent=623"}],"curies":[{"name":"wp","href":"https:\/\/api.w.org\/{rel}","templated":true}]}}