{"id":585,"date":"2023-08-31T06:21:32","date_gmt":"2023-08-31T04:21:32","guid":{"rendered":"https:\/\/grupobaviera.es\/accionistas-inversores\/?page_id=585"},"modified":"2024-06-24T11:59:01","modified_gmt":"2024-06-24T09:59:01","slug":"politica-de-cookies","status":"publish","type":"page","link":"https:\/\/grupobaviera.es\/accionistas-inversores\/politica-de-cookies\/","title":{"rendered":"Pol\u00edtica de Cookies"},"content":{"rendered":"<div class=\"wpb-content-wrapper\"><p>[vc_row full_width=\u00bbstretch_row_content_no_spaces\u00bb el_class=\u00bbcookies-container\u00bb][vc_column][vc_column_text]<\/p>\n<h1>Pol\u00edtica de Cookies<\/h1>\n<p>[\/vc_column_text][vc_row_inner][vc_column_inner][vc_column_text el_class=\u00bbcnt\u00bb]<\/p>\n<h2>1. \u00bfQu\u00e9 son las Cookies?<\/h2>\n<p>La p\u00e1gina web de www.clinicabaviera.com , utiliza cookies y otros archivos de funcionalidad similar (en adelante, las \u201cCookies\u201d).<\/p>\n<p>Las Cookies son peque\u00f1os archivos de datos que se env\u00edan al ordenador del Usuario, tel\u00e9fono m\u00f3vil u otro dispositivo de acceso cuando visita una p\u00e1gina web y que permiten obtener informaci\u00f3n relativa a su navegaci\u00f3n o un c\u00f3digo que permite identificar un\u00edvocamente al usuario.[\/vc_column_text][vc_column_text el_class=\u00bbcnt\u00bb]<\/p>\n<h2>3. \u00bfQu\u00e9 cookies utilizamos?<\/h2>\n<p>Utilizamos las siguientes cookies en nuestro portal:[\/vc_column_text][vc_column_text el_class=\u00bbcnt\u00bb]<\/p>\n<table class=\"table\">\n<tbody>\n<tr class=\"\">\n<th>DOMINIO<\/th>\n<th>NOMBRE<\/th>\n<th>FINALIDAD<\/th>\n<th>CADUCIDAD<\/th>\n<\/tr>\n<tr>\n<td>clinicabaviera.com<\/td>\n<td>PHPSESSI<\/td>\n<td>Se usa para guardar en el servidor web las variables de sesi\u00f3n<\/td>\n<td>Al finalizar la sesi\u00f3n<\/td>\n<\/tr>\n<tr>\n<td>clinicabaviera.com<\/td>\n<td>_ga<\/td>\n<td>Cookies de goolgle analytics. Se usan para distinguir a los usuarios, personalizaci\u00f3n, publicitarias y an\u00e1lisis<\/td>\n<td>2 a\u00f1os<\/td>\n<\/tr>\n<tr>\n<td>clinicabaviera.com<\/td>\n<td>_gid<\/td>\n<td><\/td>\n<td>1 d\u00eda<\/td>\n<\/tr>\n<tr>\n<td>clinicabaviera.com<\/td>\n<td>_gali<\/td>\n<td><\/td>\n<td>5 minutos<\/td>\n<\/tr>\n<tr>\n<td>clinicabaviera.com<\/td>\n<td>_dc_gtm_UA-19478647-1<\/td>\n<td>Cookie de double click. Se usan para fines publicitarios<\/td>\n<td>1 minuto<\/td>\n<\/tr>\n<tr>\n<td>clinicabaviera.com<\/td>\n<td>_hstc<\/td>\n<td>Cookies de Hubspot. Se usan para mejorar la experiencia de navegaci\u00f3n y recoger informaci\u00f3n estad\u00edstica<\/td>\n<td>2 a\u00f1os<\/td>\n<\/tr>\n<tr>\n<td>clinicabaviera.com<\/td>\n<td>_hssrc<\/td>\n<td><\/td>\n<td>Al finalizar la sesi\u00f3n<\/td>\n<\/tr>\n<tr>\n<td>clinicabaviera.com<\/td>\n<td>_hssc<\/td>\n<td><\/td>\n<td>Media hora<\/td>\n<\/tr>\n<tr>\n<td>clinicabaviera.com<\/td>\n<td>hubspotutk<\/td>\n<td><\/td>\n<td>10 a\u00f1os<\/td>\n<\/tr>\n<tr>\n<td>clinicabaviera.com<\/td>\n<td>clinicabaviera_aviso_cookie<\/td>\n<td>Cookie propia<\/td>\n<td>15 minutos<\/td>\n<\/tr>\n<\/tbody>\n<\/table>\n<p>[\/vc_column_text][vc_column_text el_class=\u00bbcnt\u00bb]<\/p>\n<h2>4. Desactivaci\u00f3n, eliminaci\u00f3n de las Cookies y revocaci\u00f3n del consentimiento \u201copt out\u201d.<\/h2>\n<p>La mayor\u00eda de navegadores web permite gestionar, en cualquier momento, las preferencias del Usuario sobre el uso de las Cookies. El Usuario puede ajustar su navegador para que rechace Cookies o elimine determinadas Cookies seg\u00fan su criterio.<\/p>\n<p>Para obtener m\u00e1s informaci\u00f3n sobre las Cookies y permitir, bloquear o eliminar las Cookies instaladas en su equipo, el Usuario puede hacerlo mediante la configuraci\u00f3n de las opciones del navegador instalado en su ordenador, siendo el funcionamiento de la siguiente manera:<\/p>\n<ul>\n<li><strong>Internet Explorer:\u00a0<\/strong>Herramientas -&gt; Opciones de Internet -&gt; Privacidad -&gt; Configuraci\u00f3n.<\/li>\n<li><strong>Firefox:\u00a0<\/strong>Herramientas -&gt; Opciones -&gt; Privacidad -&gt; Historial -&gt; Configuraci\u00f3n Personalizada.<\/li>\n<li><strong>Chrome:\u00a0<\/strong>Configuraci\u00f3n -&gt; Mostrar opciones avanzadas -&gt; Privacidad -&gt; Configuraci\u00f3n de contenido.<\/li>\n<li><strong>Safari:\u00a0<\/strong>Preferencias -&gt; Seguridad.<\/li>\n<li><strong>Opera:\u00a0<\/strong>Configuraci\u00f3n -&gt; Privacidad y seguridad.<\/li>\n<\/ul>\n<p>Para m\u00e1s informaci\u00f3n, puede consultar el soporte o la ayuda de su navegador o a trav\u00e9s de los siguientes enlaces:\u00a0<a class=\"vinculo_azul\" href=\"https:\/\/www.apple.com\/es\/safari\/\" target=\"_blank\" rel=\"noopener\">Safari<\/a>,\u00a0<a class=\"vinculo_azul\" href=\"https:\/\/www.google.com\/chrome\/\" target=\"_blank\" rel=\"noopener\">Chrome<\/a>,\u00a0<a class=\"vinculo_azul\" href=\"https:\/\/www.mozilla.org\/es-ES\/\" target=\"_blank\" rel=\"noopener\">Firefox<\/a>,\u00a0<a class=\"vinculo_azul\" href=\"https:\/\/www.microsoft.com\/es-es\/download\/internet-explorer.aspx\" target=\"_blank\" rel=\"noopener\">Explorer<\/a>,\u00a0<a class=\"vinculo_azul\" href=\"https:\/\/www.opera.com\/es\" target=\"_blank\" rel=\"noopener\">Opera<\/a><\/p>\n<p>El usuario puede revocar su consentimiento para el uso de cookies en su navegador a trav\u00e9s de los siguientes enlaces:<\/p>\n<ul class=\"list-styled\">\n<li><a class=\"vinculo_azul\" href=\"http:\/\/mathtag.com\/\" target=\"_blank\" rel=\"noopener\">MathTag<\/a><\/li>\n<li><a class=\"vinculo_azul\" href=\"https:\/\/www.quantcast.com\/opt-out\" target=\"_blank\" rel=\"noopener\">Quancast<\/a><\/li>\n<li><a class=\"vinculo_azul\" href=\"https:\/\/tools.google.com\/dlpage\/gaoptout?hl=None\" target=\"_blank\" rel=\"noopener\">Google Analytics<\/a><\/li>\n<li><a class=\"vinculo_azul\" href=\"https:\/\/www.google.com\/settings\/ads\/plugin\" target=\"_blank\" rel=\"noopener\">Doubleclick<\/a><\/li>\n<li><a class=\"vinculo_azul\" href=\"http:\/\/www.exactag.com\/datenschutz\/\" target=\"_blank\" rel=\"noopener\">Exactag<\/a><\/li>\n<li><a class=\"vinculo_azul\" href=\"http:\/\/www.google.com\/settings\/ads\/plugin\" target=\"_blank\" rel=\"noopener\">Youtube<\/a><\/li>\n<li><a class=\"vinculo_azul\" href=\"https:\/\/www.linkedin.com\/reg\/join?trk=login_reg_redirect&amp;session_redirect=https%3A%2F%2Fwww.linkedin.com%2Fsettings%2F\" target=\"_blank\" rel=\"noopener\">Linkedin<\/a><\/li>\n<li>Twitter: A trav\u00e9s de los ajustes de cada navegador m\u00e1s arriba indicados para la desactivaci\u00f3n o eliminaci\u00f3n de cookies (empresa adherida a Do Not Track).<\/li>\n<\/ul>\n<p>El Usuario debe tener en cuenta que algunas caracter\u00edsticas de los contenidos de la p\u00e1gina web\u00a0<a class=\"vinculo_azul\" href=\"https:\/\/www.clinicabaviera.com\/\" target=\"_blank\" rel=\"noopener\">www.clinicabaviera.com<\/a>\u00a0solo est\u00e1n disponibles si se permite la instalaci\u00f3n de Cookies en su navegador. Si decide no aceptar o bloquear determinadas Cookies (en funci\u00f3n de su finalidad), puede que esto afecte, total o parcialmente, al funcionamiento normal de la p\u00e1gina web o que impida el acceso a algunos servicios de la misma.[\/vc_column_text][vc_column_text el_class=\u00bbcnt\u00bb]<\/p>\n<h2>5. Actualizaciones y cambios en la Pol\u00edtica de Cookies.<\/h2>\n<p>CB puede modificar esta Pol\u00edtica de Cookies en funci\u00f3n de nuevas exigencias legislativas, reglamentarias, o con la finalidad de adaptar dicha pol\u00edtica a las instrucciones dictadas por la Agencia Espa\u00f1ola de Protecci\u00f3n de Datos.<\/p>\n<p>Cuando se produzcan cambios significativos en esta Pol\u00edtica de Cookies se comunicar\u00e1 al usuario mediante un aviso informativo en la p\u00e1gina web de CB.<\/p>\n<p>Si desea m\u00e1s informaci\u00f3n sobre qu\u00e9 uso hacemos de las Cookies, puede enviarnos un e-mail a info@clinicabaviera.com.[\/vc_column_text][\/vc_column_inner][\/vc_row_inner][\/vc_column][\/vc_row]<\/p>\n<\/div>","protected":false},"excerpt":{"rendered":"<p>[vc_row full_width=\u00bbstretch_row_content_no_spaces\u00bb el_class=\u00bbcookies-container\u00bb][vc_column][vc_column_text] Pol\u00edtica de Cookies [\/vc_column_text][vc_row_inner][vc_column_inner][vc_column_text el_class=\u00bbcnt\u00bb] 1. \u00bfQu\u00e9 son las Cookies? La p\u00e1gina web de www.clinicabaviera.com , utiliza cookies y otros archivos de funcionalidad similar (en adelante, las \u201cCookies\u201d). Las Cookies son peque\u00f1os archivos de datos que se env\u00edan al ordenador del Usuario, tel\u00e9fono m\u00f3vil u otro dispositivo de acceso cuando visita una &#8230; <a title=\"Pol\u00edtica de Cookies\" class=\"read-more\" href=\"https:\/\/grupobaviera.es\/accionistas-inversores\/politica-de-cookies\/\" aria-label=\"Leer m\u00e1s sobre Pol\u00edtica de Cookies\">Leer m\u00e1s<\/a><\/p>\n","protected":false},"author":3,"featured_media":0,"parent":0,"menu_order":0,"comment_status":"closed","ping_status":"closed","template":"","meta":{"_acf_changed":false,"inline_featured_image":false,"footnotes":""},"class_list":["post-585","page","type-page","status-publish"],"acf":[],"_links":{"self":[{"href":"https:\/\/grupobaviera.es\/accionistas-inversores\/wp-json\/wp\/v2\/pages\/585","targetHints":{"allow":["GET"]}}],"collection":[{"href":"https:\/\/grupobaviera.es\/accionistas-inversores\/wp-json\/wp\/v2\/pages"}],"about":[{"href":"https:\/\/grupobaviera.es\/accionistas-inversores\/wp-json\/wp\/v2\/types\/page"}],"author":[{"embeddable":true,"href":"https:\/\/grupobaviera.es\/accionistas-inversores\/wp-json\/wp\/v2\/users\/3"}],"replies":[{"embeddable":true,"href":"https:\/\/grupobaviera.es\/accionistas-inversores\/wp-json\/wp\/v2\/comments?post=585"}],"version-history":[{"count":5,"href":"https:\/\/grupobaviera.es\/accionistas-inversores\/wp-json\/wp\/v2\/pages\/585\/revisions"}],"predecessor-version":[{"id":590,"href":"https:\/\/grupobaviera.es\/accionistas-inversores\/wp-json\/wp\/v2\/pages\/585\/revisions\/590"}],"wp:attachment":[{"href":"https:\/\/grupobaviera.es\/accionistas-inversores\/wp-json\/wp\/v2\/media?parent=585"}],"curies":[{"name":"wp","href":"https:\/\/api.w.org\/{rel}","templated":true}]}}