{"id":305,"date":"2023-08-19T20:34:19","date_gmt":"2023-08-19T18:34:19","guid":{"rendered":"https:\/\/grupobaviera.es\/accionistas-inversores\/?page_id=305"},"modified":"2026-04-13T11:52:46","modified_gmt":"2026-04-13T09:52:46","slug":"periodo-medio-de-pago-a-proveedores","status":"publish","type":"page","link":"https:\/\/grupobaviera.es\/accionistas-inversores\/periodo-medio-de-pago-a-proveedores\/","title":{"rendered":"Periodo medio de pago a proveedores"},"content":{"rendered":"<div class=\"wpb-content-wrapper\"><p>[vc_row full_width=\u00bbstretch_row_content_no_spaces\u00bb el_class=\u00bbbanner\u00bb css=\u00bb.vc_custom_1692470163942{background-image: url(https:\/\/grupobaviera.es\/accionistas-inversores\/wp-content\/uploads\/2023\/08\/banner-dividendos.jpg?id=299) !important;background-position: center !important;background-repeat: no-repeat !important;background-size: cover !important;}\u00bb][vc_column][vc_column_text]<\/p>\n<h1>Periodo medio de pago a proveedores<\/h1>\n<p>[\/vc_column_text][\/vc_column][\/vc_row][vc_row full_width=\u00bbstretch_row_content_no_spaces\u00bb el_class=\u00bbbg1&#8243; css=\u00bb.vc_custom_1692479473305{background-color: #f8f9fb !important;}\u00bb][vc_column][vc_column_text]<\/p>\n<h2>Periodo medio de <span class=\"bold\">pago a proveedores<\/span><\/h2>\n<p>[\/vc_column_text][vc_row_inner][vc_column_inner width=\u00bb1\/2&#8243;][vc_column_text]Informaci\u00f3n sobre el periodo medio de pago a proveedores. Disposici\u00f3n adicional tercera. \u00abDeber de informaci\u00f3n\u00bb de la Ley 15\/2010, de 5 de julio. (Conforme a la nueva redacci\u00f3n dada por la disposici\u00f3n final segunda de la Ley 31\/2014 de reforma de la Ley de Sociedades de Capital). [\/vc_column_text][\/vc_column_inner][vc_column_inner width=\u00bb1\/2&#8243;][vc_column_text]Seg\u00fan lo establecido por la ley de referencia, as\u00ed como a la resoluci\u00f3n del ICAC de 29 de enero de 2016 y de acuerdo al art\u00edculo 9 de la Ley 18\/2022, de 28 de septiembre, se desglosa la siguiente informaci\u00f3n en referencia al periodo medio de pago a proveedores por parte de las Sociedades espa\u00f1olas del Grupo: [\/vc_column_text][\/vc_column_inner][\/vc_row_inner][\/vc_column][\/vc_row][vc_row full_width=\u00bbstretch_row_content_no_spaces\u00bb el_class=\u00bbbg2&#8243;][vc_column][vc_column_text]<\/p>\n<table>\n<tbody>\n<tr>\n<th><\/th>\n<th>2025<\/th>\n<th>2024<\/th>\n<\/tr>\n<tr>\n<td>Periodo medio de pago a proveedores<\/td>\n<td>32 d\u00edas<\/td>\n<td>33 d\u00edas<\/td>\n<\/tr>\n<tr>\n<td>Ratio de operaciones pagadas<\/td>\n<td>32 d\u00edas<\/td>\n<td>35 d\u00edas<\/td>\n<\/tr>\n<tr>\n<td>Ratio de operaciones pendientes de pago<\/td>\n<td>28 d\u00edas<\/td>\n<td>23 d\u00edas<\/td>\n<\/tr>\n<tr>\n<td>Total pagos realizados<\/td>\n<td>78.777.049 \u20ac<\/td>\n<td>74.649.070 \u20ac<\/td>\n<\/tr>\n<tr>\n<td>Total pagos pendientes<\/td>\n<td>11.399.252 \u20ac<\/td>\n<td>10.011.028 \u20ac<\/td>\n<\/tr>\n<\/tbody>\n<\/table>\n<p><!-- DivTable.com -->[\/vc_column_text][\/vc_column][\/vc_row][vc_row full_width=\u00bbstretch_row_content_no_spaces\u00bb el_class=\u00bbbg3&#8243;][vc_column][vc_column_text]De acuerdo a la nueva normativa exigida por el art\u00edculo 9 de la Ley 18\/2022, de 28 de septiembre, adicionalmente a la informaci\u00f3n anterior, se indica la siguiente informaci\u00f3n:[\/vc_column_text][vc_column_text]<\/p>\n<table>\n<tbody>\n<tr>\n<th><\/th>\n<th>2025<\/th>\n<th>2024<\/th>\n<\/tr>\n<tr>\n<td>Volumen monetario inferior al plazo legal<\/td>\n<td>66.721.078<span style=\"display: none;\">e<\/span><\/td>\n<td>62.727.442<br \/>\n<span style=\"display: none;\">e<\/span><\/td>\n<\/tr>\n<tr>\n<td>% sobre total pagos realizados<\/td>\n<td>85%<\/td>\n<td>84%<\/td>\n<\/tr>\n<tr>\n<td>Total facturas<\/td>\n<td>33.468<span style=\"display: none;\">e<\/span><\/td>\n<td>30.961<br \/>\n<span style=\"display: none;\">e<\/span><\/td>\n<\/tr>\n<tr>\n<td>N\u00famero facturas inferior plazo legal<\/td>\n<td>24.317<span style=\"display: none;\">e<\/span><\/td>\n<td>22.310<br \/>\n<span style=\"display: none;\">e<\/span><\/td>\n<\/tr>\n<tr>\n<td>&amp; sobre total facturas<\/td>\n<td>73%<\/td>\n<td>72%<\/td>\n<\/tr>\n<\/tbody>\n<\/table>\n<p><!-- DivTable.com -->[\/vc_column_text][vc_column_text]Esta informaci\u00f3n se incluye exclusivamente respecto a las empresas radicadas en Espa\u00f1a consolidadas por el m\u00e9todo de integraci\u00f3n global.[\/vc_column_text][\/vc_column][\/vc_row]<\/p>\n<\/div>","protected":false},"excerpt":{"rendered":"<p>[vc_row full_width=\u00bbstretch_row_content_no_spaces\u00bb el_class=\u00bbbanner\u00bb css=\u00bb.vc_custom_1692470163942{background-image: url(https:\/\/grupobaviera.es\/accionistas-inversores\/wp-content\/uploads\/2023\/08\/banner-dividendos.jpg?id=299) !important;background-position: center !important;background-repeat: no-repeat !important;background-size: cover !important;}\u00bb][vc_column][vc_column_text] Periodo medio de pago a proveedores [\/vc_column_text][\/vc_column][\/vc_row][vc_row full_width=\u00bbstretch_row_content_no_spaces\u00bb el_class=\u00bbbg1&#8243; css=\u00bb.vc_custom_1692479473305{background-color: #f8f9fb !important;}\u00bb][vc_column][vc_column_text] Periodo medio de pago a proveedores [\/vc_column_text][vc_row_inner][vc_column_inner width=\u00bb1\/2&#8243;][vc_column_text]Informaci\u00f3n sobre el periodo medio de pago a proveedores. Disposici\u00f3n adicional tercera. \u00abDeber de informaci\u00f3n\u00bb de la Ley 15\/2010, de 5 de julio. (Conforme &#8230; <a title=\"Periodo medio de pago a proveedores\" class=\"read-more\" href=\"https:\/\/grupobaviera.es\/accionistas-inversores\/periodo-medio-de-pago-a-proveedores\/\" aria-label=\"Leer m\u00e1s sobre Periodo medio de pago a proveedores\">Leer m\u00e1s<\/a><\/p>\n","protected":false},"author":3,"featured_media":0,"parent":0,"menu_order":0,"comment_status":"closed","ping_status":"closed","template":"","meta":{"_acf_changed":false,"inline_featured_image":false,"footnotes":""},"class_list":["post-305","page","type-page","status-publish"],"acf":[],"_links":{"self":[{"href":"https:\/\/grupobaviera.es\/accionistas-inversores\/wp-json\/wp\/v2\/pages\/305","targetHints":{"allow":["GET"]}}],"collection":[{"href":"https:\/\/grupobaviera.es\/accionistas-inversores\/wp-json\/wp\/v2\/pages"}],"about":[{"href":"https:\/\/grupobaviera.es\/accionistas-inversores\/wp-json\/wp\/v2\/types\/page"}],"author":[{"embeddable":true,"href":"https:\/\/grupobaviera.es\/accionistas-inversores\/wp-json\/wp\/v2\/users\/3"}],"replies":[{"embeddable":true,"href":"https:\/\/grupobaviera.es\/accionistas-inversores\/wp-json\/wp\/v2\/comments?post=305"}],"version-history":[{"count":30,"href":"https:\/\/grupobaviera.es\/accionistas-inversores\/wp-json\/wp\/v2\/pages\/305\/revisions"}],"predecessor-version":[{"id":2351,"href":"https:\/\/grupobaviera.es\/accionistas-inversores\/wp-json\/wp\/v2\/pages\/305\/revisions\/2351"}],"wp:attachment":[{"href":"https:\/\/grupobaviera.es\/accionistas-inversores\/wp-json\/wp\/v2\/media?parent=305"}],"curies":[{"name":"wp","href":"https:\/\/api.w.org\/{rel}","templated":true}]}}