{"id":265,"date":"2023-08-12T18:18:37","date_gmt":"2023-08-12T16:18:37","guid":{"rendered":"https:\/\/grupobaviera.es\/accionistas-inversores\/?page_id=265"},"modified":"2026-03-25T14:56:07","modified_gmt":"2026-03-25T13:56:07","slug":"consejo-de-administracion-2","status":"publish","type":"page","link":"https:\/\/grupobaviera.es\/accionistas-inversores\/consejo-de-administracion-2\/","title":{"rendered":"Consejo de Administraci\u00f3n"},"content":{"rendered":"<div class=\"wpb-content-wrapper\"><p>[vc_row full_width=\u00bbstretch_row_content_no_spaces\u00bb el_class=\u00bbbanner\u00bb css=\u00bb.vc_custom_1691857165071{background-image: url(https:\/\/grupobaviera.es\/accionistas-inversores\/wp-content\/uploads\/2023\/08\/banner-capita-social.jpg?id=102) !important;background-position: center !important;background-repeat: no-repeat !important;background-size: cover !important;}\u00bb][vc_column][vc_column_text]<\/p>\n<h1>Consejo de Administraci\u00f3n<\/h1>\n<p>[\/vc_column_text][\/vc_column][\/vc_row][vc_row full_width=\u00bbstretch_row_content_no_spaces\u00bb el_class=\u00bbbg1&#8243;][vc_column][vc_row_inner el_class=\u00bbcontainer-table-scroll-mobile\u00bb][vc_column_inner][vc_column_text]<\/p>\n<table>\n<tbody>\n<tr>\n<th class=\"dark\">Nombre<\/th>\n<th class=\"light-color\">Cargo<\/th>\n<th class=\"dark\">Car\u00e1cter del cargo<\/th>\n<th class=\"light-color\">Fecha de nombramiento o reelecci\u00f3n<\/th>\n<\/tr>\n<tr>\n<td>D. Bang Chen<\/td>\n<td>Presidente del Consejo de Administraci\u00f3n<\/td>\n<td>Dominical<\/td>\n<td>11 de mayo de 2022<\/td>\n<\/tr>\n<tr>\n<td>D. Li Li<\/td>\n<td>Vocal<\/td>\n<td>Dominical<\/td>\n<td>11 de mayo de 2022<\/td>\n<\/tr>\n<tr>\n<td>D. Shijun Wu<\/td>\n<td>Vocal<\/td>\n<td>Dominical<\/td>\n<td>11 de mayo de 2022<\/td>\n<\/tr>\n<tr>\n<td>D\u00f1a. Yongmei Zhang<\/td>\n<td>Vicepresidenta<\/td>\n<td>Dominical<\/td>\n<td>11 de mayo de 2022<\/td>\n<\/tr>\n<tr>\n<td>D. Eduardo Baviera Sabater<\/td>\n<td>Vicepresidente<\/td>\n<td>Ejecutivo<\/td>\n<td>17 de mayo de 2023<\/td>\n<\/tr>\n<tr>\n<td>D. Emilio Moraleda Mart\u00ednez<\/td>\n<td>Vocal<\/td>\n<td>Independiente<\/td>\n<td>17 de mayo de 2023<\/td>\n<\/tr>\n<tr>\n<td>D\u00f1a. Carolina Mart\u00ednez-Caro<\/td>\n<td>Vocal<\/td>\n<td>Independiente<\/td>\n<td>6 de noviembre de 2024<\/td>\n<\/tr>\n<\/tbody>\n<\/table>\n<p>[\/vc_column_text][vc_column_text]D. Bang Chen.- Presidente de Cl\u00ednica Baviera. Actualmente es el Presidente y Director General de Aier Eye Hospital Group Co. Ltd., as\u00ed como Presidente de Tibet Aier Medical Investment Co. Ltd. Tambi\u00e9n es profesor en la Universidad de Hunan.<\/p>\n<p>D. Li Li.- Desde 2003 es Vicepresidente y Consejero-delegado de Aier Eye Hospital Group Co., Ltd. Licenciado en Derecho por la Universidad de Xiangtan, posee un M\u00e1ster en Gesti\u00f3n y Administraci\u00f3n de Hospitales por la Universidad de Pek\u00edn, as\u00ed como un Executive Business Administration por la Universidad de Hunan. En 1.997 fue cofundador de Aier Ophtalmic Medical Technology, y en 2003 de Aier Eye Hospital Group.<\/p>\n<p>D. Shijun Wu.- Doctor en Econ\u00f3micas por la Universidad de Fudan en 2002. Es analista de valores. Actualmente desempe\u00f1a el cargo de Secretario del Consejo de Administraci\u00f3n de Aier Eye Hospital Group Co., Ltd. Ha desempe\u00f1ado los cargos de Secretario del Consejo en Shanghai INGEEK Information Technology Co., Ltd. Ha trabajado como Presidente adjunto de Aier Eye Hospital Group Co., Ltd.<\/p>\n<p>D\u00f1a. Yongmei Zhang.- Licenciada en Econ\u00f3micas por la Universidad de Tongji. Tiene un Master MBA por la Universidad de Fudan. Actualmente es la Directora del Departamento de Estrategia Global y Desarrollo de Negocio Aier Eye Hospital Group Co., Ltd.<\/p>\n<p>D. Eduardo Baviera Sabater \u2013 Licenciado en Ciencias Econ\u00f3micas y Empresariales por la Universidad de Valencia. En 1990 realiz\u00f3 un Master en Asesor\u00eda Fiscal de Empresas por el Instituto de Empresa. Entre 1991 y 1994 trabaj\u00f3 como asesor fiscal en el departamento de impuestos en PricewaterhouseCoopers. Ha sido consultor fiscal independiente entre 1994 y 1996. Ha sido profesor de An\u00e1lisis de Balances en el Instituto de Empresa entre 1997 y 2000. En 1994 funda Cl\u00ednica Baviera junto con otros fundadores, asumiendo la Direcci\u00f3n General. Desde 1996 asume el puesto de Consejero Delegado, posici\u00f3n que sigue desempe\u00f1ando en la actualidad.<\/p>\n<p>D. Emilio Moraleda Mart\u00ednez es licenciado en Derecho por la Universidad Complutense y Graduado Social por la Escuela Social de Madrid. Ha participado en varios programas de Direcci\u00f3n y Liderazgo en las Universidades de Harvard (Boston) y Columbia (Nueva York). Fue presidente ejecutivo para los territorios de alto crecimiento de Pfizer (Espa\u00f1a, Rusia, Turqu\u00eda, Israel, C\u00e1ucaso, Grecia y Portugal). Ha sido miembro del comit\u00e9 ejecutivo de Pfizer Europa y ha liderado varias fusiones en la d\u00e9cada del a\u00f1o 2000. Tambi\u00e9n fue presidente y vicepresidente de Farmaindustria y del Local American Working Group (LAWG), vicepresidente del American Business Council y miembro del C\u00edrculo de Empresarios y de la C\u00e1mara de Comercio Americana en Espa\u00f1a. En la actualidad es miembro de comit\u00e9s asesores, coach, asesor de altos ejecutivos, conferenciante y consultor de gesti\u00f3n empresarial y liderazgo.<\/p>\n<p>D\u00f1a. Carolina Mart\u00ednez-Caro es Licenciada en Derecho y Administraci\u00f3n de Empresas por ICADE, habiendo desarrollado gran parte de su carrera profesional en Bank of America Merrill Lynch, uno de los mayores bancos mundiales, en el que lleg\u00f3 a desempe\u00f1ar el puesto de Vicepresident Senior en la divisi\u00f3n de Investments. Posteriormente, desempe\u00f1\u00f3 el cargo de consejera delegada de Iberia del banco suizo Julius Baer. Adem\u00e1s, es fundadora de CMC Family Advisors, una firma dedicada al asesoramiento financiero e inversiones. En la actualidad, es consejera independiente de varias sociedades, dentro de las cuales se encuentra uno de los mayores bancos de Espa\u00f1a. Asimismo, ejerce como senior advisor en diversas empresas y sectores.[\/vc_column_text][\/vc_column_inner][\/vc_row_inner][\/vc_column][\/vc_row]<\/p>\n<\/div>","protected":false},"excerpt":{"rendered":"<p>[vc_row full_width=\u00bbstretch_row_content_no_spaces\u00bb el_class=\u00bbbanner\u00bb css=\u00bb.vc_custom_1691857165071{background-image: url(https:\/\/grupobaviera.es\/accionistas-inversores\/wp-content\/uploads\/2023\/08\/banner-capita-social.jpg?id=102) !important;background-position: center !important;background-repeat: no-repeat !important;background-size: cover !important;}\u00bb][vc_column][vc_column_text] Consejo de Administraci\u00f3n [\/vc_column_text][\/vc_column][\/vc_row][vc_row full_width=\u00bbstretch_row_content_no_spaces\u00bb el_class=\u00bbbg1&#8243;][vc_column][vc_row_inner el_class=\u00bbcontainer-table-scroll-mobile\u00bb][vc_column_inner][vc_column_text] Nombre Cargo Car\u00e1cter del cargo Fecha de nombramiento o reelecci\u00f3n D. Bang Chen Presidente del Consejo de Administraci\u00f3n Dominical 11 de mayo de 2022 D. Li Li Vocal Dominical 11 de mayo de 2022 D. Shijun &#8230; <a title=\"Consejo de Administraci\u00f3n\" class=\"read-more\" href=\"https:\/\/grupobaviera.es\/accionistas-inversores\/consejo-de-administracion-2\/\" aria-label=\"Leer m\u00e1s sobre Consejo de Administraci\u00f3n\">Leer m\u00e1s<\/a><\/p>\n","protected":false},"author":3,"featured_media":0,"parent":0,"menu_order":0,"comment_status":"closed","ping_status":"closed","template":"","meta":{"_acf_changed":false,"inline_featured_image":false,"footnotes":""},"class_list":["post-265","page","type-page","status-publish"],"acf":[],"_links":{"self":[{"href":"https:\/\/grupobaviera.es\/accionistas-inversores\/wp-json\/wp\/v2\/pages\/265","targetHints":{"allow":["GET"]}}],"collection":[{"href":"https:\/\/grupobaviera.es\/accionistas-inversores\/wp-json\/wp\/v2\/pages"}],"about":[{"href":"https:\/\/grupobaviera.es\/accionistas-inversores\/wp-json\/wp\/v2\/types\/page"}],"author":[{"embeddable":true,"href":"https:\/\/grupobaviera.es\/accionistas-inversores\/wp-json\/wp\/v2\/users\/3"}],"replies":[{"embeddable":true,"href":"https:\/\/grupobaviera.es\/accionistas-inversores\/wp-json\/wp\/v2\/comments?post=265"}],"version-history":[{"count":17,"href":"https:\/\/grupobaviera.es\/accionistas-inversores\/wp-json\/wp\/v2\/pages\/265\/revisions"}],"predecessor-version":[{"id":2325,"href":"https:\/\/grupobaviera.es\/accionistas-inversores\/wp-json\/wp\/v2\/pages\/265\/revisions\/2325"}],"wp:attachment":[{"href":"https:\/\/grupobaviera.es\/accionistas-inversores\/wp-json\/wp\/v2\/media?parent=265"}],"curies":[{"name":"wp","href":"https:\/\/api.w.org\/{rel}","templated":true}]}}