{"id":251,"date":"2023-08-12T17:00:33","date_gmt":"2023-08-12T15:00:33","guid":{"rendered":"https:\/\/grupobaviera.es\/accionistas-inversores\/?page_id=251"},"modified":"2026-04-23T09:47:59","modified_gmt":"2026-04-23T07:47:59","slug":"voto-a-distancia-en-las-juntas-generales","status":"publish","type":"page","link":"https:\/\/grupobaviera.es\/accionistas-inversores\/voto-a-distancia-en-las-juntas-generales\/","title":{"rendered":"Voto a distancia en las Juntas Generales"},"content":{"rendered":"<div class=\"wpb-content-wrapper\"><p>[vc_row full_width=\u00bbstretch_row_content_no_spaces\u00bb el_class=\u00bbbanner\u00bb css=\u00bb.vc_custom_1691851764287{background-image: url(https:\/\/grupobaviera.es\/accionistas-inversores\/wp-content\/uploads\/2023\/08\/banner-des.jpg?id=132) !important;background-position: center !important;background-repeat: no-repeat !important;background-size: cover !important;}\u00bb][vc_column][vc_column_text]<\/p>\n<h1>Voto a distancia en<br \/>\nlas Juntas Generales<\/h1>\n<p>[\/vc_column_text][\/vc_column][\/vc_row][vc_row full_width=\u00bbstretch_row_content_no_spaces\u00bb css=\u00bb.vc_custom_1691851987237{background-color: #f8f9fb !important;}\u00bb el_class=\u00bbbg1&#8243;][vc_column][vc_column_text]De conformidad con lo establecido en el art. 15 de los Estatutos Sociales y 18 del Reglamento de la Junta General, los accionistas con derecho de asistencia a la Junta General podr\u00e1n emitir su voto sobre las propuestas relativas a los puntos del orden del d\u00eda mediante correspondencia postal o mediante correo electr\u00f3nico a la direcci\u00f3n\u00a0<a href=\"mailto:inversores@clinicabaviera.com\"><span class=\"s2\">inversores@clinicabaviera.com<\/span><\/a>, remitiendo al domicilio social o a la direcci\u00f3n de correo electr\u00f3nico antes se\u00f1alada, la tarjeta de asistencia y voto facilitada por la entidad depositaria debidamente completada y firmada al efecto, o en el supuesto de que las tarjetas expedidas por las citadas entidades no contemplaran la posibilidad de emisi\u00f3n de voto a distancia y, en todo caso, los accionistas con derecho de asistencia a la Junta General que deseen emitir su voto por tal medio, podr\u00e1n obtener dicha tarjeta en el domicilio social, encontr\u00e1ndose asimismo a su disposici\u00f3n en la p\u00e1gina web de la Sociedad preparada para su impresi\u00f3n y utilizaci\u00f3n por aquellos que lo deseen. Esta tarjeta, debidamente cumplimentada y firmada, deber\u00e1 ser remitida a la Sociedad junto con la tarjeta de asistencia facilitada por la entidad depositaria o la proporcionada por la propia Sociedad en los t\u00e9rminos que anteriormente se se\u00f1alan. Ser\u00e1 indispensable acreditar la condici\u00f3n de accionista mediante la correspondiente tarjeta de asistencia o certificado expedido por las entidades depositarias correspondientes, o en cualquier otra forma admitida por la legislaci\u00f3n vigente.<\/p>\n<p>El voto emitido mediante correspondencia postal o a trav\u00e9s de correo electr\u00f3nico habr\u00e1 de recibirse por la Sociedad con una antelaci\u00f3n de al menos dos d\u00edas a la fecha prevista para la celebraci\u00f3n de la Junta General en primera convocatoria. En caso contrario, el voto no ser\u00e1 v\u00e1lido y se tendr\u00e1 por no emitido.<\/p>\n<p>Los accionistas con derecho de asistencia que emitan su voto en los t\u00e9rminos indicados ser\u00e1n considerados como presentes a los efectos de la constituci\u00f3n de la Junta y, en consecuencia, las delegaciones efectuadas con anterioridad se tendr\u00e1n por revocadas y las conferidas con posterioridad se tendr\u00e1n por no efectuadas. El voto emitido por correspondencia postal o correo electr\u00f3nico quedar\u00e1 sin efecto por revocaci\u00f3n posterior y expresa efectuada por este mismo medio y dentro del plazo establecido para su emisi\u00f3n, por la asistencia f\u00edsica a la reuni\u00f3n del accionista que lo hubiera emitido y por la enajenaci\u00f3n de las acciones en relaci\u00f3n con las cuales se hubiese ejercitado el derecho de voto, del cual tenga conocimiento la Sociedad.[\/vc_column_text][vc_column_text el_class=\u00bbbtn\u00bb]<a href=\"https:\/\/grupobaviera.es\/accionistas-inversores\/wp-content\/uploads\/2026\/04\/Tarjeta-de-Asistencia-Delegacion-y-Voto-a-distancia-JGA-2026.pdf\" target=\"_blank\" rel=\"noopener\">PDF<\/a>[\/vc_column_text][\/vc_column][\/vc_row]<\/p>\n<\/div>","protected":false},"excerpt":{"rendered":"<p>[vc_row full_width=\u00bbstretch_row_content_no_spaces\u00bb el_class=\u00bbbanner\u00bb css=\u00bb.vc_custom_1691851764287{background-image: url(https:\/\/grupobaviera.es\/accionistas-inversores\/wp-content\/uploads\/2023\/08\/banner-des.jpg?id=132) !important;background-position: center !important;background-repeat: no-repeat !important;background-size: cover !important;}\u00bb][vc_column][vc_column_text] Voto a distancia en las Juntas Generales [\/vc_column_text][\/vc_column][\/vc_row][vc_row full_width=\u00bbstretch_row_content_no_spaces\u00bb css=\u00bb.vc_custom_1691851987237{background-color: #f8f9fb !important;}\u00bb el_class=\u00bbbg1&#8243;][vc_column][vc_column_text]De conformidad con lo establecido en el art. 15 de los Estatutos Sociales y 18 del Reglamento de la Junta General, los accionistas con derecho de asistencia a la Junta General &#8230; <a title=\"Voto a distancia en las Juntas Generales\" class=\"read-more\" href=\"https:\/\/grupobaviera.es\/accionistas-inversores\/voto-a-distancia-en-las-juntas-generales\/\" aria-label=\"Leer m\u00e1s sobre Voto a distancia en las Juntas Generales\">Leer m\u00e1s<\/a><\/p>\n","protected":false},"author":3,"featured_media":0,"parent":0,"menu_order":0,"comment_status":"closed","ping_status":"closed","template":"","meta":{"_acf_changed":false,"inline_featured_image":false,"footnotes":""},"class_list":["post-251","page","type-page","status-publish"],"acf":[],"_links":{"self":[{"href":"https:\/\/grupobaviera.es\/accionistas-inversores\/wp-json\/wp\/v2\/pages\/251","targetHints":{"allow":["GET"]}}],"collection":[{"href":"https:\/\/grupobaviera.es\/accionistas-inversores\/wp-json\/wp\/v2\/pages"}],"about":[{"href":"https:\/\/grupobaviera.es\/accionistas-inversores\/wp-json\/wp\/v2\/types\/page"}],"author":[{"embeddable":true,"href":"https:\/\/grupobaviera.es\/accionistas-inversores\/wp-json\/wp\/v2\/users\/3"}],"replies":[{"embeddable":true,"href":"https:\/\/grupobaviera.es\/accionistas-inversores\/wp-json\/wp\/v2\/comments?post=251"}],"version-history":[{"count":7,"href":"https:\/\/grupobaviera.es\/accionistas-inversores\/wp-json\/wp\/v2\/pages\/251\/revisions"}],"predecessor-version":[{"id":2396,"href":"https:\/\/grupobaviera.es\/accionistas-inversores\/wp-json\/wp\/v2\/pages\/251\/revisions\/2396"}],"wp:attachment":[{"href":"https:\/\/grupobaviera.es\/accionistas-inversores\/wp-json\/wp\/v2\/media?parent=251"}],"curies":[{"name":"wp","href":"https:\/\/api.w.org\/{rel}","templated":true}]}}