{"id":196,"date":"2023-08-10T19:17:10","date_gmt":"2023-08-10T17:17:10","guid":{"rendered":"https:\/\/grupobaviera.es\/accionistas-inversores\/?page_id=196"},"modified":"2024-06-19T11:24:25","modified_gmt":"2024-06-19T09:24:25","slug":"aier-eye-hospital","status":"publish","type":"page","link":"https:\/\/grupobaviera.es\/accionistas-inversores\/aier-eye-hospital\/","title":{"rendered":"Aier Eye Hospital"},"content":{"rendered":"<div class=\"wpb-content-wrapper\"><p>[vc_row full_width=\u00bbstretch_row_content_no_spaces\u00bb el_class=\u00bbbanner\u00bb css=\u00bb.vc_custom_1691687852680{background-image: url(https:\/\/grupobaviera.es\/accionistas-inversores\/wp-content\/uploads\/2023\/08\/banner-des.jpg?id=132) !important;background-position: center !important;background-repeat: no-repeat !important;background-size: cover !important;}\u00bb][vc_column][vc_column_text]<\/p>\n<h1>Aier Eye Hospital<\/h1>\n<p>[\/vc_column_text][\/vc_column][\/vc_row][vc_row full_width=\u00bbstretch_row_content_no_spaces\u00bb el_class=\u00bbbg1&#8243; css=\u00bb.vc_custom_1691687895794{background-color: #f8f9fb !important;}\u00bb][vc_column][vc_column_text]<img loading=\"lazy\" decoding=\"async\" class=\"alignnone size-full wp-image-329\" src=\"https:\/\/grupobaviera.es\/accionistas-inversores\/wp-content\/uploads\/2023\/08\/logo_aier-eye.jpeg\" alt=\"\" width=\"431\" height=\"91\" srcset=\"https:\/\/grupobaviera.es\/accionistas-inversores\/wp-content\/uploads\/2023\/08\/logo_aier-eye.jpeg 431w, https:\/\/grupobaviera.es\/accionistas-inversores\/wp-content\/uploads\/2023\/08\/logo_aier-eye-300x63.jpeg 300w\" sizes=\"auto, (max-width: 431px) 100vw, 431px\" \/>[\/vc_column_text][vc_column_text]El accionistas mayoritario de Cl\u00ednica Baviera, S.A. es Aier Eye International Europe, S.L.U.<\/p>\n<p>Aier Eye International Europe, S.L.U es una empresa dependiente de la Aier Eye International Hong Kong y que, a su vez, se encuentra dentro del Grupo Aier Eye Hospital Group, Co., Itd.<\/p>\n<p>El grupo de hospitales oftalmol\u00f3gicos Aier es un grupo mundial de hospitales especializados en estos servicios y tambi\u00e9n es la primera instituci\u00f3n m\u00e9dica que cotiza en la IPO de China. La previsi\u00f3n para el 2019, es que Aier Eye Hospital Group tenga alrededor de 270 cl\u00ednicas oftalmol\u00f3gicas especializadas en 30 provincias en China llegando a cubrir los servicios de oftalmolog\u00eda del 70% de la poblaci\u00f3n asegurada en todo el pa\u00eds. Esto se traduce en m\u00e1s de 6,5 millones de visitas ambulatorias al a\u00f1o.<\/p>\n<p>En agosto de 2017 Aier Eye International Europe, S.L.U adquiri\u00f3 el 86,83% de las acciones de Cl\u00ednica Baviera, una de las mayores cadenas de oftalmolog\u00eda de Europa. A trav\u00e9s de la adquisici\u00f3n de este porcentaje de acciones, la compa\u00f1\u00eda se ha convertido en la mayor red de las cl\u00ednicas oftalmol\u00f3gicas del mundo con presencia en Asia, Europa y Am\u00e9rica.<\/p>\n<p>Para m\u00e1s informaci\u00f3n: <a href=\"https:\/\/www.aiereurope.com\/quienes-somos\/\" target=\"_blank\" rel=\"noopener\">https:\/\/www.aiereurope.com\/quienes-somos\/<\/a>[\/vc_column_text][vc_column_text el_class=\u00bbbtn\u00bb]<a href=\"https:\/\/grupobaviera.es\/accionistas-inversores\/wp-content\/uploads\/2023\/08\/Re-Aier-FactSheet-180709.pdf\" target=\"_blank\" rel=\"noopener\">Ver PDF<\/a>[\/vc_column_text][\/vc_column][\/vc_row]<\/p>\n<\/div>","protected":false},"excerpt":{"rendered":"<p>[vc_row full_width=\u00bbstretch_row_content_no_spaces\u00bb el_class=\u00bbbanner\u00bb css=\u00bb.vc_custom_1691687852680{background-image: url(https:\/\/grupobaviera.es\/accionistas-inversores\/wp-content\/uploads\/2023\/08\/banner-des.jpg?id=132) !important;background-position: center !important;background-repeat: no-repeat !important;background-size: cover !important;}\u00bb][vc_column][vc_column_text] Aier Eye Hospital [\/vc_column_text][\/vc_column][\/vc_row][vc_row full_width=\u00bbstretch_row_content_no_spaces\u00bb el_class=\u00bbbg1&#8243; css=\u00bb.vc_custom_1691687895794{background-color: #f8f9fb !important;}\u00bb][vc_column][vc_column_text][\/vc_column_text][vc_column_text]El accionistas mayoritario de Cl\u00ednica Baviera, S.A. es Aier Eye International Europe, S.L.U. Aier Eye International Europe, S.L.U es una empresa dependiente de la Aier Eye International Hong Kong y que, a su vez, se &#8230; <a title=\"Aier Eye Hospital\" class=\"read-more\" href=\"https:\/\/grupobaviera.es\/accionistas-inversores\/aier-eye-hospital\/\" aria-label=\"Leer m\u00e1s sobre Aier Eye Hospital\">Leer m\u00e1s<\/a><\/p>\n","protected":false},"author":3,"featured_media":0,"parent":0,"menu_order":0,"comment_status":"closed","ping_status":"closed","template":"","meta":{"_acf_changed":false,"inline_featured_image":false,"footnotes":""},"class_list":["post-196","page","type-page","status-publish"],"acf":[],"_links":{"self":[{"href":"https:\/\/grupobaviera.es\/accionistas-inversores\/wp-json\/wp\/v2\/pages\/196","targetHints":{"allow":["GET"]}}],"collection":[{"href":"https:\/\/grupobaviera.es\/accionistas-inversores\/wp-json\/wp\/v2\/pages"}],"about":[{"href":"https:\/\/grupobaviera.es\/accionistas-inversores\/wp-json\/wp\/v2\/types\/page"}],"author":[{"embeddable":true,"href":"https:\/\/grupobaviera.es\/accionistas-inversores\/wp-json\/wp\/v2\/users\/3"}],"replies":[{"embeddable":true,"href":"https:\/\/grupobaviera.es\/accionistas-inversores\/wp-json\/wp\/v2\/comments?post=196"}],"version-history":[{"count":10,"href":"https:\/\/grupobaviera.es\/accionistas-inversores\/wp-json\/wp\/v2\/pages\/196\/revisions"}],"predecessor-version":[{"id":1352,"href":"https:\/\/grupobaviera.es\/accionistas-inversores\/wp-json\/wp\/v2\/pages\/196\/revisions\/1352"}],"wp:attachment":[{"href":"https:\/\/grupobaviera.es\/accionistas-inversores\/wp-json\/wp\/v2\/media?parent=196"}],"curies":[{"name":"wp","href":"https:\/\/api.w.org\/{rel}","templated":true}]}}