{"id":141,"date":"2023-08-06T05:15:23","date_gmt":"2023-08-06T03:15:23","guid":{"rendered":"https:\/\/grupobaviera.es\/accionistas-inversores\/?page_id=141"},"modified":"2026-04-13T14:13:18","modified_gmt":"2026-04-13T12:13:18","slug":"informe-de-auditoria-cuentas-anuales-auditadas0","status":"publish","type":"page","link":"https:\/\/grupobaviera.es\/accionistas-inversores\/informe-de-auditoria-cuentas-anuales-auditadas0\/","title":{"rendered":"Informe de Auditor\u00eda, Cuentas Anuales auditadas &#8211; tabs"},"content":{"rendered":"<div class=\"wpb-content-wrapper\"><p>[vc_row full_width=\u00bbstretch_row_content_no_spaces\u00bb el_class=\u00bbbanner\u00bb css=\u00bb.vc_custom_1691291754867{background-image: url(https:\/\/grupobaviera.es\/accionistas-inversores\/wp-content\/uploads\/2023\/08\/banner-des.jpg?id=132) !important;background-position: center !important;background-repeat: no-repeat !important;background-size: cover !important;}\u00bb][vc_column][vc_column_text]<\/p>\n<h1>Informe de Auditor\u00eda,<br \/>\nCuentas Anuales auditadas<\/h1>\n<p>[\/vc_column_text][\/vc_column][\/vc_row][vc_row full_width=\u00bbstretch_row_content_no_spaces\u00bb el_class=\u00bbbg1&#8243; css=\u00bb.vc_custom_1691443400594{background-color: #f8f9fb !important;}\u00bb][vc_column][vc_tta_tabs section_title_tag=\u00bbh3&#8243; style=\u00bbflat\u00bb shape=\u00bbround\u00bb active_section=\u00bb1&#8243; no_fill_content_area=\u00bbtrue\u00bb][vc_tta_section title=\u00bb2025&#8243; tab_id=\u00bb1691439762624-156947a7-a4e3&#8243;][vc_column_text]<\/p>\n<h4>Informe financiero CB 2025 (FEUE)<\/h4>\n<p>Informe Financiero Anual<\/p>\n<p>Conforme a lo establecido y en el Reglamento Delegado (UE) 2019\/815, en cuanto a las especificaciones t\u00e9cnicas del Formato Electr\u00f3nico \u00danico Europeo (FEUE):<\/p>\n<p>\u00b7 El Informe Financiero Anual individual se presenta en formato electr\u00f3nico eXtensible HyperText Markup Language (XHTML).<\/p>\n<p>\u00b7 El Informe Financiero Anual consolidado se presenta en formato electr\u00f3nico XHTML. Adem\u00e1s, los estados financieros principales se etiquetan utilizando el est\u00e1ndar eXtensible Business Reporting Language (XBRL).<\/p>\n<p>Para facilitar su lectura se presentan tambi\u00e9n en formato pdf las cuentas anuales consolidadas e individuales de forma agregada.[\/vc_column_text][vc_column_text el_class=\u00bbarchivo-ind\u00bb]<\/p>\n<h5>Descargar informe:<\/h5>\n<p><a href=\"https:\/\/grupobaviera.es\/accionistas-inversores\/pdf\/Cuentas-anuales-consolidadas-e-individuales-inversores.pdf\">Documento PDF<\/a> <a href=\"https:\/\/grupobaviera.es\/accionistas-inversores\/pdf\/959800CR1BA43ZK65T94-2025-12-31-1-es.xbri\">Archivo FEUE<\/a> <a href=\"https:\/\/grupobaviera.es\/accionistas-inversores\/pdf\/CCAABavieraIndividual2025.xhtml\">XHTML individual<\/a> <a href=\"https:\/\/grupobaviera.es\/accionistas-inversores\/pdf\/959800CR1BA43ZK65T94-2025-12-31-1-es-preview.xhtml\">XHTML consolidado\u00a0<\/a>\u00a0<a href=\"https:\/\/grupobaviera.es\/accionistas-inversores\/pdf\/Consolidated-Annual-Accounts-Investors.pdf\">PDF en ingl\u00e9s<\/a><\/p>\n<p>[\/vc_column_text][\/vc_tta_section][vc_tta_section title=\u00bb2024&#8243; tab_id=\u00bb1776073440487-90c8a257-0c34&#8243;][vc_column_text]<\/p>\n<h4>Informe financiero CB 2024 (FEUE)<\/h4>\n<p>Informe Financiero Anual<\/p>\n<p>Conforme a lo establecido y en el Reglamento Delegado (UE) 2019\/815, en cuanto a las especificaciones t\u00e9cnicas del Formato Electr\u00f3nico \u00danico Europeo (FEUE):<\/p>\n<p>\u00b7 El Informe Financiero Anual individual se presenta en formato electr\u00f3nico eXtensible HyperText Markup Language (XHTML).<\/p>\n<p>\u00b7 El Informe Financiero Anual consolidado se presenta en formato electr\u00f3nico XHTML. Adem\u00e1s, los estados financieros principales se etiquetan utilizando el est\u00e1ndar eXtensible Business Reporting Language (XBRL).<\/p>\n<p>Para facilitar su lectura se presentan tambi\u00e9n en formato pdf las cuentas anuales consolidadas e individuales de forma agregada.[\/vc_column_text][vc_column_text el_class=\u00bbarchivo-ind\u00bb]<\/p>\n<h5>Descargar informe:<\/h5>\n<p><a href=\"https:\/\/grupobaviera.es\/accionistas-inversores\/pdf\/Paquete_TOTAL_CCAA_consolidadas_e_individuales_2024_para_web.pdf\">Documento PDF<\/a> <a href=\"https:\/\/grupobaviera.es\/accionistas-inversores\/pdf\/959800CR1BA43ZK65T94-2024-12-31-es.zip\">Archivo ZIP<\/a> <a href=\"https:\/\/grupobaviera.es\/accionistas-inversores\/pdf\/IFAindividual-2025-12-31-0-en.xhtml\">XHTML individual<\/a> <a href=\"https:\/\/grupobaviera.es\/accionistas-inversores\/pdf\/959800CR1BA43ZK65T94-2024-12-31-es.xhtml\">XHTML consolidado\u00a0<\/a><br \/>\n<a href=\"https:\/\/grupobaviera.es\/accionistas-inversores\/pdf\/CB-IA-CCAA-IGI-IV-EINF-2024-EN.pdf\">Documento PDF en Ingl\u00e9s<\/a>[\/vc_column_text][\/vc_tta_section][vc_tta_section title=\u00bb2023&#8243; tab_id=\u00bb1744288047767-a91e4590-5242&#8243;][vc_column_text]<\/p>\n<h4>Informe financiero CB 2023 (FEUE)<\/h4>\n<p>Informe Financiero Anual<\/p>\n<p>Conforme a lo establecido y en el Reglamento Delegado (UE) 2019\/815, en cuanto a las especificaciones t\u00e9cnicas del Formato Electr\u00f3nico \u00danico Europeo (FEUE):<\/p>\n<p>\u00b7 El Informe Financiero Anual individual se presenta en formato electr\u00f3nico eXtensible HyperText Markup Language (XHTML).<\/p>\n<p>\u00b7 El Informe Financiero Anual consolidado se presenta en formato electr\u00f3nico XHTML. Adem\u00e1s, los estados financieros principales se etiquetan utilizando el est\u00e1ndar eXtensible Business Reporting Language (XBRL).<\/p>\n<p>Para facilitar su lectura se presentan tambi\u00e9n en formato pdf las cuentas anuales consolidadas e individuales de forma agregada.[\/vc_column_text][vc_column_text el_class=\u00bbarchivo-ind\u00bb]<\/p>\n<h5>Descargar informe:<\/h5>\n<p><a href=\"https:\/\/grupobaviera.es\/accionistas-inversores\/wp-content\/uploads\/informe\/Compilacion-para-web-inversores.pdf\">Documento PDF<\/a> <a href=\"https:\/\/grupobaviera.es\/accionistas-inversores\/wp-content\/uploads\/informe\/959800CR1BA43ZK65T94-2023-12-31-es.zip\">Archivo ZIP<\/a> <a href=\"https:\/\/grupobaviera.es\/accionistas-inversores\/wp-content\/uploads\/informe\/xhtml-individual.xhtml\">XHTML individual<\/a> <a href=\"https:\/\/grupobaviera.es\/accionistas-inversores\/wp-content\/uploads\/informe\/xhtml-consolidado.xhtml\">XHTML consolidado<\/a>[\/vc_column_text][\/vc_tta_section][vc_tta_section title=\u00bb2022&#8243; tab_id=\u00bb1712848095733-c534305f-9a41&#8243;][vc_column_text]<\/p>\n<h4>Informe financiero CB 2022 (FEUE)<\/h4>\n<p>Informe Financiero Anual<\/p>\n<p>Conforme a lo establecido y en el Reglamento Delegado (UE) 2019\/815, en cuanto a las especificaciones t\u00e9cnicas del Formato Electr\u00f3nico \u00danico Europeo (FEUE):<\/p>\n<p>\u00b7 El Informe Financiero Anual individual se presenta en formato electr\u00f3nico eXtensible HyperText Markup Language (XHTML).<\/p>\n<p>\u00b7 El Informe Financiero Anual consolidado se presenta en formato electr\u00f3nico XHTML. Adem\u00e1s, los estados financieros principales se etiquetan utilizando el est\u00e1ndar eXtensible Business Reporting Language (XBRL).<\/p>\n<p>Para facilitar su lectura se presentan tambi\u00e9n en formato pdf las cuentas anuales consolidadas e individuales de forma agregada.[\/vc_column_text][vc_column_text el_class=\u00bbarchivo-ind\u00bb]<\/p>\n<h5>Descargar informe:<\/h5>\n<p><a href=\"https:\/\/grupobaviera.es\/accionistas-inversores\/wp-content\/uploads\/2023\/08\/Full-Compilation-Financiera-2022.pdf\" target=\"_blank\" rel=\"noopener\">Documento PDF<\/a> <a href=\"#\" target=\"_blank\" rel=\"noopener\">archivo ZIP<\/a> <a href=\"#\">XHTML individual<\/a> <a href=\"#\">XHTML consolidado<\/a>[\/vc_column_text][\/vc_tta_section][vc_tta_section title=\u00bb2021&#8243; tab_id=\u00bb1691439896128-d533cd71-ad62&#8243;][vc_column_text]<\/p>\n<h4>Informe financiero CB 2021 (FEUE)<\/h4>\n<p>Informe Financiero Anual<\/p>\n<p>Conforme a lo establecido y en el Reglamento Delegado (UE) 2019\/815, en cuanto a las especificaciones t\u00e9cnicas del Formato Electr\u00f3nico \u00danico Europeo (FEUE):<\/p>\n<p>\u00b7 El Informe Financiero Anual individual se presenta en formato electr\u00f3nico eXtensible HyperText Markup Language (XHTML).<\/p>\n<p>\u00b7 El Informe Financiero Anual consolidado se presenta en formato electr\u00f3nico XHTML. Adem\u00e1s, los estados financieros principales se etiquetan utilizando el est\u00e1ndar eXtensible Business Reporting Language (XBRL).<\/p>\n<p>Para facilitar su lectura se presentan tambi\u00e9n en formato pdf las cuentas anuales consolidadas e individuales de forma agregada.[\/vc_column_text][vc_column_text el_class=\u00bbarchivo-ind\u00bb]<\/p>\n<h4>Descargar informe:<\/h4>\n<p><a href=\"#\" target=\"_blank\" rel=\"noopener\">Documento PDF<\/a> <a href=\"#\" target=\"_blank\" rel=\"noopener\">archivo ZIP<\/a> <a href=\"#\">XHTML individual<\/a> <a href=\"#\">XHTML consolidado<\/a>[\/vc_column_text][\/vc_tta_section][vc_tta_section title=\u00bb2020&#8243; tab_id=\u00bb1691439901299-a1d19103-ab94&#8243;][vc_column_text]<\/p>\n<h4>Informe financiero CB 2020 (FEUE)<\/h4>\n<p>Informe Financiero Anual<\/p>\n<p>Conforme a lo establecido y en el Reglamento Delegado (UE) 2019\/815, en cuanto a las especificaciones t\u00e9cnicas del Formato Electr\u00f3nico \u00danico Europeo (FEUE):<\/p>\n<p>\u00b7 El Informe Financiero Anual individual se presenta en formato electr\u00f3nico eXtensible HyperText Markup Language (XHTML).<\/p>\n<p>\u00b7 El Informe Financiero Anual consolidado se presenta en formato electr\u00f3nico XHTML. Adem\u00e1s, los estados financieros principales se etiquetan utilizando el est\u00e1ndar eXtensible Business Reporting Language (XBRL).<\/p>\n<p>Para facilitar su lectura se presentan tambi\u00e9n en formato pdf las cuentas anuales consolidadas e individuales de forma agregada.[\/vc_column_text][vc_column_text el_class=\u00bbarchivo-ind\u00bb]<\/p>\n<h4>Descargar informe:<\/h4>\n<p><a href=\"https:\/\/grupobaviera.es\/accionistas-inversores\/wp-content\/uploads\/2023\/08\/Informe-financiero-2020-CB-Comprimido_compressed31.pdf\" target=\"_blank\" rel=\"noopener\">Documento PDF<\/a> <a href=\"https:\/\/grupobaviera.es\/accionistas-inversores\/wp-content\/uploads\/2023\/08\/fichero.zip\" target=\"_blank\" rel=\"noopener\">archivo ZIP<\/a> <a href=\"#\">XHTML individual<\/a> <a href=\"#\">XHTML consolidado<\/a>[\/vc_column_text][\/vc_tta_section][vc_tta_section title=\u00bb2019&#8243; tab_id=\u00bb1691439909624-55e97c1b-12bd\u00bb][vc_column_text]<\/p>\n<h4>Cuentas anuales auditadas 2019<\/h4>\n<p>[\/vc_column_text][vc_column_text el_class=\u00bbarchivo-ind\u00bb]<\/p>\n<h4>Descargar informe:<\/h4>\n<p><a href=\"https:\/\/grupobaviera.es\/accionistas-inversores\/wp-content\/uploads\/2023\/08\/CCAA-2019-CNMV.pdf\" target=\"_blank\" rel=\"noopener\">Documento PDF<\/a>[\/vc_column_text][\/vc_tta_section][\/vc_tta_tabs][\/vc_column][\/vc_row][vc_row full_width=\u00bbstretch_row_content_no_spaces\u00bb disable_element=\u00bbyes\u00bb el_class=\u00bbbg1&#8243; css=\u00bb.vc_custom_1693960411418{background-color: #f8f9fb !important;}\u00bb][vc_column][vc_tta_tabs section_title_tag=\u00bbh3&#8243; style=\u00bbflat\u00bb shape=\u00bbround\u00bb active_section=\u00bb1&#8243; no_fill_content_area=\u00bbtrue\u00bb][vc_tta_section title=\u00bb2022&#8243; tab_id=\u00bb1693960405594-7737a31a-3b84&#8243;][vc_column_text]<\/p>\n<h4>Informe financiero CB 2022 (FEUE)<\/h4>\n<p>Informe Financiero Anual<\/p>\n<p>Conforme a lo establecido y en el Reglamento Delegado (UE) 2019\/815, en cuanto a las especificaciones t\u00e9cnicas del Formato Electr\u00f3nico \u00danico Europeo (FEUE):<\/p>\n<p>\u00b7 El Informe Financiero Anual individual se presenta en formato electr\u00f3nico eXtensible HyperText Markup Language (XHTML).<\/p>\n<p>\u00b7 El Informe Financiero Anual consolidado se presenta en formato electr\u00f3nico XHTML. Adem\u00e1s, los estados financieros principales se etiquetan utilizando el est\u00e1ndar eXtensible Business Reporting Language (XBRL).<\/p>\n<p>Para facilitar su lectura se presentan tambi\u00e9n en formato pdf las cuentas anuales consolidadas e individuales de forma agregada.[\/vc_column_text][vc_column_text el_class=\u00bbarchivo-ind\u00bb]<\/p>\n<h5>Descargar informe:<\/h5>\n<p><a href=\"https:\/\/grupobaviera.es\/accionistas-inversores\/wp-content\/uploads\/2023\/08\/Full-Compilation-Financiera-2022.pdf\" target=\"_blank\" rel=\"noopener\">Documento PDF<\/a> <a href=\"#\" target=\"_blank\" rel=\"noopener\">archivo ZIP<\/a> <a href=\"#\">XHTML individual<\/a> <a href=\"#\">XHTML consolidado<\/a>[\/vc_column_text][\/vc_tta_section][vc_tta_section title=\u00bb2021&#8243; tab_id=\u00bb1693960405613-4db37f36-076c\u00bb][vc_column_text]<\/p>\n<h4>Informe financiero CB 2021 (FEUE)<\/h4>\n<p>Informe Financiero Anual<\/p>\n<p>Conforme a lo establecido y en el Reglamento Delegado (UE) 2019\/815, en cuanto a las especificaciones t\u00e9cnicas del Formato Electr\u00f3nico \u00danico Europeo (FEUE):<\/p>\n<p>\u00b7 El Informe Financiero Anual individual se presenta en formato electr\u00f3nico eXtensible HyperText Markup Language (XHTML).<\/p>\n<p>\u00b7 El Informe Financiero Anual consolidado se presenta en formato electr\u00f3nico XHTML. Adem\u00e1s, los estados financieros principales se etiquetan utilizando el est\u00e1ndar eXtensible Business Reporting Language (XBRL).<\/p>\n<p>Para facilitar su lectura se presentan tambi\u00e9n en formato pdf las cuentas anuales consolidadas e individuales de forma agregada.[\/vc_column_text][vc_column_text el_class=\u00bbarchivo-ind\u00bb]<\/p>\n<h4>Descargar informe:<\/h4>\n<p><a href=\"#\" target=\"_blank\" rel=\"noopener\">Documento PDF<\/a> <a href=\"#\" target=\"_blank\" rel=\"noopener\">archivo ZIP<\/a> <a href=\"#\">XHTML individual<\/a> <a href=\"#\">XHTML consolidado<\/a>[\/vc_column_text][\/vc_tta_section][vc_tta_section title=\u00bb2020&#8243; tab_id=\u00bb1693960405629-72b86675-c895&#8243;][vc_column_text]<\/p>\n<h4>Informe financiero CB 2020 (FEUE)<\/h4>\n<p>Informe Financiero Anual<\/p>\n<p>Conforme a lo establecido y en el Reglamento Delegado (UE) 2019\/815, en cuanto a las especificaciones t\u00e9cnicas del Formato Electr\u00f3nico \u00danico Europeo (FEUE):<\/p>\n<p>\u00b7 El Informe Financiero Anual individual se presenta en formato electr\u00f3nico eXtensible HyperText Markup Language (XHTML).<\/p>\n<p>\u00b7 El Informe Financiero Anual consolidado se presenta en formato electr\u00f3nico XHTML. Adem\u00e1s, los estados financieros principales se etiquetan utilizando el est\u00e1ndar eXtensible Business Reporting Language (XBRL).<\/p>\n<p>Para facilitar su lectura se presentan tambi\u00e9n en formato pdf las cuentas anuales consolidadas e individuales de forma agregada.[\/vc_column_text][vc_column_text el_class=\u00bbarchivo-ind\u00bb]<\/p>\n<h4>Descargar informe:<\/h4>\n<p><a href=\"https:\/\/grupobaviera.es\/accionistas-inversores\/wp-content\/uploads\/2023\/08\/Informe-financiero-2020-CB-Comprimido_compressed31.pdf\" target=\"_blank\" rel=\"noopener\">Documento PDF<\/a> <a href=\"https:\/\/grupobaviera.es\/accionistas-inversores\/wp-content\/uploads\/2023\/08\/fichero.zip\" target=\"_blank\" rel=\"noopener\">archivo ZIP<\/a> <a href=\"#\">XHTML individual<\/a> <a href=\"#\">XHTML consolidado<\/a>[\/vc_column_text][\/vc_tta_section][vc_tta_section title=\u00bb2019&#8243; tab_id=\u00bb1693960405645-307f699f-dd33&#8243;][vc_column_text]<\/p>\n<h4>Cuentas anuales auditadas 2019<\/h4>\n<p>[\/vc_column_text][vc_column_text el_class=\u00bbarchivo-ind\u00bb]<\/p>\n<h4>Descargar informe:<\/h4>\n<p><a href=\"https:\/\/grupobaviera.es\/accionistas-inversores\/wp-content\/uploads\/2023\/08\/CCAA-2019-CNMV.pdf\" target=\"_blank\" rel=\"noopener\">Documento PDF<\/a>[\/vc_column_text][\/vc_tta_section][vc_tta_section title=\u00bb2018&#8243; tab_id=\u00bb1693960405661-65d3eec5-1534&#8243;][vc_column_text]<\/p>\n<h4>Cuentas anuales individuales y consolidadas auditadas incluyendo el estado de informaci\u00f3n no financiera<\/h4>\n<p>[\/vc_column_text][vc_column_text el_class=\u00bbarchivo-ind\u00bb]<a href=\"https:\/\/grupobaviera.es\/accionistas-inversores\/wp-content\/uploads\/2023\/08\/Cuentas-anuales-CB-ind-conso-verificacio\u0301n-EINF-2018-CNMV_compressed-1-.pdf\" target=\"_blank\" rel=\"noopener\">Documento PDF<\/a>[\/vc_column_text][\/vc_tta_section][vc_tta_section title=\u00bb2017&#8243; tab_id=\u00bb1693960405678-0ada6616-4002&#8243;][vc_column_text]<\/p>\n<h4>Cuentas anuales 2017 CB individuales y consolidadas + opinio\u0301n auditor<\/h4>\n<p>[\/vc_column_text][vc_column_text el_class=\u00bbarchivo-ind\u00bb]<a href=\"#\">Documento PDF<\/a>[\/vc_column_text][\/vc_tta_section][vc_tta_section title=\u00bb2016&#8243; tab_id=\u00bb1693960405693-b1b07de6-56ba\u00bb][vc_column_text]<\/p>\n<h4>Cuentas anuales 2016 CB individuales y consolidadas + opinio\u0301n auditor<\/h4>\n<p>[\/vc_column_text][vc_column_text el_class=\u00bbarchivo-ind\u00bb]<a href=\"https:\/\/grupobaviera.es\/accionistas-inversores\/wp-content\/uploads\/2023\/08\/Cuentas-anuales-2016-CB-individuales-y-consolidadas-opinion-auditor.pdf\" target=\"_blank\" rel=\"noopener\">Documento PDF<\/a>[\/vc_column_text][\/vc_tta_section][vc_tta_section title=\u00bb2015&#8243; tab_id=\u00bb1693960405710-57200e6f-6c4e\u00bb][vc_column_text]<\/p>\n<h4>Cuentas anuales 2015 CB individuales y consolidadas + opinio\u0301n auditor<\/h4>\n<p>[\/vc_column_text][vc_column_text el_class=\u00bbarchivo-ind\u00bb]<a href=\"https:\/\/grupobaviera.es\/accionistas-inversores\/wp-content\/uploads\/2023\/08\/CCAACC-CB-firmadas-opinion-31.12.2015.pdf\" target=\"_blank\" rel=\"noopener\">Documento PDF<\/a>[\/vc_column_text][\/vc_tta_section][\/vc_tta_tabs][\/vc_column][\/vc_row]<\/p>\n<\/div>","protected":false},"excerpt":{"rendered":"<p>[vc_row full_width=\u00bbstretch_row_content_no_spaces\u00bb el_class=\u00bbbanner\u00bb css=\u00bb.vc_custom_1691291754867{background-image: url(https:\/\/grupobaviera.es\/accionistas-inversores\/wp-content\/uploads\/2023\/08\/banner-des.jpg?id=132) !important;background-position: center !important;background-repeat: no-repeat !important;background-size: cover !important;}\u00bb][vc_column][vc_column_text] Informe de Auditor\u00eda, Cuentas Anuales auditadas [\/vc_column_text][\/vc_column][\/vc_row][vc_row full_width=\u00bbstretch_row_content_no_spaces\u00bb el_class=\u00bbbg1&#8243; css=\u00bb.vc_custom_1691443400594{background-color: #f8f9fb !important;}\u00bb][vc_column][vc_tta_tabs section_title_tag=\u00bbh3&#8243; style=\u00bbflat\u00bb shape=\u00bbround\u00bb active_section=\u00bb1&#8243; no_fill_content_area=\u00bbtrue\u00bb][vc_tta_section title=\u00bb2025&#8243; tab_id=\u00bb1691439762624-156947a7-a4e3&#8243;][vc_column_text] Informe financiero CB 2025 (FEUE) Informe Financiero Anual Conforme a lo establecido y en el Reglamento Delegado (UE) 2019\/815, en cuanto a las especificaciones &#8230; <a title=\"Informe de Auditor\u00eda, Cuentas Anuales auditadas &#8211; tabs\" class=\"read-more\" href=\"https:\/\/grupobaviera.es\/accionistas-inversores\/informe-de-auditoria-cuentas-anuales-auditadas0\/\" aria-label=\"Leer m\u00e1s sobre Informe de Auditor\u00eda, Cuentas Anuales auditadas &#8211; tabs\">Leer m\u00e1s<\/a><\/p>\n","protected":false},"author":3,"featured_media":0,"parent":0,"menu_order":0,"comment_status":"closed","ping_status":"closed","template":"","meta":{"_acf_changed":false,"inline_featured_image":false,"footnotes":""},"class_list":["post-141","page","type-page","status-publish"],"acf":[],"_links":{"self":[{"href":"https:\/\/grupobaviera.es\/accionistas-inversores\/wp-json\/wp\/v2\/pages\/141","targetHints":{"allow":["GET"]}}],"collection":[{"href":"https:\/\/grupobaviera.es\/accionistas-inversores\/wp-json\/wp\/v2\/pages"}],"about":[{"href":"https:\/\/grupobaviera.es\/accionistas-inversores\/wp-json\/wp\/v2\/types\/page"}],"author":[{"embeddable":true,"href":"https:\/\/grupobaviera.es\/accionistas-inversores\/wp-json\/wp\/v2\/users\/3"}],"replies":[{"embeddable":true,"href":"https:\/\/grupobaviera.es\/accionistas-inversores\/wp-json\/wp\/v2\/comments?post=141"}],"version-history":[{"count":36,"href":"https:\/\/grupobaviera.es\/accionistas-inversores\/wp-json\/wp\/v2\/pages\/141\/revisions"}],"predecessor-version":[{"id":2356,"href":"https:\/\/grupobaviera.es\/accionistas-inversores\/wp-json\/wp\/v2\/pages\/141\/revisions\/2356"}],"wp:attachment":[{"href":"https:\/\/grupobaviera.es\/accionistas-inversores\/wp-json\/wp\/v2\/media?parent=141"}],"curies":[{"name":"wp","href":"https:\/\/api.w.org\/{rel}","templated":true}]}}