{"id":128,"date":"2023-08-06T04:47:21","date_gmt":"2023-08-06T02:47:21","guid":{"rendered":"https:\/\/grupobaviera.es\/accionistas-inversores\/?page_id=128"},"modified":"2024-06-19T13:18:40","modified_gmt":"2024-06-19T11:18:40","slug":"ofertas-publicas-de-adquisicion-de-valores-opa","status":"publish","type":"page","link":"https:\/\/grupobaviera.es\/accionistas-inversores\/ofertas-publicas-de-adquisicion-de-valores-opa\/","title":{"rendered":"Ofertas P\u00fablicas de Adquisici\u00f3n de Valores (OPA) &#8211; descargas"},"content":{"rendered":"<div class=\"wpb-content-wrapper\"><p>[vc_row full_width=\u00bbstretch_row_content_no_spaces\u00bb el_class=\u00bbbanner\u00bb css=\u00bb.vc_custom_1691290125419{background-image: url(https:\/\/grupobaviera.es\/accionistas-inversores\/wp-content\/uploads\/2023\/08\/banner-des.jpg?id=132) !important;background-position: center !important;background-repeat: no-repeat !important;background-size: cover !important;}\u00bb][vc_column][vc_column_text]<\/p>\n<h1>Ofertas P\u00fablicas de<br \/>\nAdquisici\u00f3n de Valores (OPA)<\/h1>\n<p>[\/vc_column_text][\/vc_column][\/vc_row][vc_row full_width=\u00bbstretch_row_content_no_spaces\u00bb el_class=\u00bbbg1&#8243; css=\u00bb.vc_custom_1691291158253{background-color: #f8f9fb !important;}\u00bb][vc_column][vc_row_inner][vc_column_inner][vc_column_text el_class=\u00bbarchivo-ind\u00bb]<\/p>\n<h4>Hecho relevante Autorizaci\u00f3n OPA<\/h4>\n<p><a href=\"https:\/\/grupobaviera.es\/accionistas-inversores\/wp-content\/uploads\/2023\/09\/1-Hecho-relevante-Autorizacion-OPA.pdf\" target=\"_blank\" rel=\"noopener\">Descargar PDF<\/a>[\/vc_column_text][vc_column_text el_class=\u00bbarchivo-ind\u00bb]<\/p>\n<h4>Folleto de la OPA<\/h4>\n<p><a href=\"https:\/\/grupobaviera.es\/accionistas-inversores\/wp-content\/uploads\/2023\/09\/2-Folleto-de-la-OPA.pdf\" target=\"_blank\" rel=\"noopener\">Descargar PDF<\/a>[\/vc_column_text][vc_column_text el_class=\u00bbarchivo-ind\u00bb]<\/p>\n<h4>Informe del Consejo de Administraci\u00f3n en relacion a la OPA<\/h4>\n<p><a href=\"https:\/\/grupobaviera.es\/accionistas-inversores\/wp-content\/uploads\/2023\/09\/3-Informe-del-Consejo-de-Administracion-en-relacion-a-la-OPA.pdf\" target=\"_blank\" rel=\"noopener\">Descargar PDF<\/a>[\/vc_column_text][vc_column_text el_class=\u00bbarchivo-ind\u00bb]<\/p>\n<h4>Resultado de la OPA<\/h4>\n<p><a href=\"https:\/\/grupobaviera.es\/accionistas-inversores\/wp-content\/uploads\/2023\/09\/4-Resultado-de-la-OPA.pdf\" target=\"_blank\" rel=\"noopener\">Descargar PDF<\/a>[\/vc_column_text][\/vc_column_inner][\/vc_row_inner][\/vc_column][\/vc_row]<\/p>\n<\/div>","protected":false},"excerpt":{"rendered":"<p>[vc_row full_width=\u00bbstretch_row_content_no_spaces\u00bb el_class=\u00bbbanner\u00bb css=\u00bb.vc_custom_1691290125419{background-image: url(https:\/\/grupobaviera.es\/accionistas-inversores\/wp-content\/uploads\/2023\/08\/banner-des.jpg?id=132) !important;background-position: center !important;background-repeat: no-repeat !important;background-size: cover !important;}\u00bb][vc_column][vc_column_text] Ofertas P\u00fablicas de Adquisici\u00f3n de Valores (OPA) [\/vc_column_text][\/vc_column][\/vc_row][vc_row full_width=\u00bbstretch_row_content_no_spaces\u00bb el_class=\u00bbbg1&#8243; css=\u00bb.vc_custom_1691291158253{background-color: #f8f9fb !important;}\u00bb][vc_column][vc_row_inner][vc_column_inner][vc_column_text el_class=\u00bbarchivo-ind\u00bb] Hecho relevante Autorizaci\u00f3n OPA Descargar PDF[\/vc_column_text][vc_column_text el_class=\u00bbarchivo-ind\u00bb] Folleto de la OPA Descargar PDF[\/vc_column_text][vc_column_text el_class=\u00bbarchivo-ind\u00bb] Informe del Consejo de Administraci\u00f3n en relacion a la OPA Descargar PDF[\/vc_column_text][vc_column_text el_class=\u00bbarchivo-ind\u00bb] Resultado de &#8230; <a title=\"Ofertas P\u00fablicas de Adquisici\u00f3n de Valores (OPA) &#8211; descargas\" class=\"read-more\" href=\"https:\/\/grupobaviera.es\/accionistas-inversores\/ofertas-publicas-de-adquisicion-de-valores-opa\/\" aria-label=\"Leer m\u00e1s sobre Ofertas P\u00fablicas de Adquisici\u00f3n de Valores (OPA) &#8211; descargas\">Leer m\u00e1s<\/a><\/p>\n","protected":false},"author":3,"featured_media":0,"parent":0,"menu_order":0,"comment_status":"closed","ping_status":"closed","template":"","meta":{"_acf_changed":false,"inline_featured_image":false,"footnotes":""},"class_list":["post-128","page","type-page","status-publish"],"acf":[],"_links":{"self":[{"href":"https:\/\/grupobaviera.es\/accionistas-inversores\/wp-json\/wp\/v2\/pages\/128","targetHints":{"allow":["GET"]}}],"collection":[{"href":"https:\/\/grupobaviera.es\/accionistas-inversores\/wp-json\/wp\/v2\/pages"}],"about":[{"href":"https:\/\/grupobaviera.es\/accionistas-inversores\/wp-json\/wp\/v2\/types\/page"}],"author":[{"embeddable":true,"href":"https:\/\/grupobaviera.es\/accionistas-inversores\/wp-json\/wp\/v2\/users\/3"}],"replies":[{"embeddable":true,"href":"https:\/\/grupobaviera.es\/accionistas-inversores\/wp-json\/wp\/v2\/comments?post=128"}],"version-history":[{"count":18,"href":"https:\/\/grupobaviera.es\/accionistas-inversores\/wp-json\/wp\/v2\/pages\/128\/revisions"}],"predecessor-version":[{"id":1369,"href":"https:\/\/grupobaviera.es\/accionistas-inversores\/wp-json\/wp\/v2\/pages\/128\/revisions\/1369"}],"wp:attachment":[{"href":"https:\/\/grupobaviera.es\/accionistas-inversores\/wp-json\/wp\/v2\/media?parent=128"}],"curies":[{"name":"wp","href":"https:\/\/api.w.org\/{rel}","templated":true}]}}