{"id":114,"date":"2023-08-06T04:20:44","date_gmt":"2023-08-06T02:20:44","guid":{"rendered":"https:\/\/grupobaviera.es\/accionistas-inversores\/?page_id=114"},"modified":"2024-06-19T10:51:08","modified_gmt":"2024-06-19T08:51:08","slug":"la-accion-y-su-capital-social","status":"publish","type":"page","link":"https:\/\/grupobaviera.es\/accionistas-inversores\/la-accion-y-su-capital-social\/","title":{"rendered":"La acci\u00f3n y su capital social"},"content":{"rendered":"<div class=\"wpb-content-wrapper\"><p>[vc_row full_width=\u00bbstretch_row_content_no_spaces\u00bb el_class=\u00bbbanner\u00bb css=\u00bb.vc_custom_1691288567101{background-image: url(https:\/\/grupobaviera.es\/accionistas-inversores\/wp-content\/uploads\/2023\/08\/banner-capita-social.jpg?id=102) !important;background-position: center !important;background-repeat: no-repeat !important;background-size: cover !important;}\u00bb][vc_column][vc_column_text]<\/p>\n<h1>La acci\u00f3n y su<br \/>\ncapital social<\/h1>\n<p>[\/vc_column_text][\/vc_column][\/vc_row][vc_row full_width=\u00bbstretch_row_content_no_spaces\u00bb el_class=\u00bbbg1&#8243; css=\u00bb.vc_custom_1691289395655{background-color: #f8f9fb !important;}\u00bb][vc_column][vc_column_text]<\/p>\n<h2>Capital <span class=\"bold\">social<\/span><\/h2>\n<p>[\/vc_column_text][vc_row_inner][vc_column_inner width=\u00bb1\/2&#8243;][vc_column_text]Las acciones de CL\u00cdNICA BAVIERA S.A. cotizan en las Bolsas de Valores de Madrid, Barcelona, Bilbao y Valencia estando incorporadas en el Sistema de Interconexi\u00f3n Burs\u00e1til Espa\u00f1ol (Mercado Continuo) desde la fecha de salida a bolsa el d\u00eda 3 de Abril de 2007. \u00c9stas se encuentran incluidas las mismas es el sector 46 \u2013 \u201cOtros Servicios\u201d. El c\u00f3digo ISIN asignado es el \u201cES0119037010\u201d.[\/vc_column_text][\/vc_column_inner][vc_column_inner width=\u00bb1\/2&#8243;][vc_column_text]El capital social de CL\u00cdNICA BAVIERA S.A. es de UN MILL\u00d3N SEISCIENTOS TREINTA MIL SETECIENTOS CINCUENTA Y OCHO (1.630.758) EUROS, representado por 16.307.580 acciones, con un valor nominal de 0,10 euros cada una de ellas, todas de una misma clase y serie e \u00edntegramente suscritas y desembolsadas y otorgan los mismos derechos pol\u00edticos y econ\u00f3micos. No se ha producido ninguna modificaci\u00f3n en el capital social desde el inicio de cotizaci\u00f3n.[\/vc_column_text][\/vc_column_inner][\/vc_row_inner][\/vc_column][\/vc_row]<\/p>\n<\/div>","protected":false},"excerpt":{"rendered":"<p>[vc_row full_width=\u00bbstretch_row_content_no_spaces\u00bb el_class=\u00bbbanner\u00bb css=\u00bb.vc_custom_1691288567101{background-image: url(https:\/\/grupobaviera.es\/accionistas-inversores\/wp-content\/uploads\/2023\/08\/banner-capita-social.jpg?id=102) !important;background-position: center !important;background-repeat: no-repeat !important;background-size: cover !important;}\u00bb][vc_column][vc_column_text] La acci\u00f3n y su capital social [\/vc_column_text][\/vc_column][\/vc_row][vc_row full_width=\u00bbstretch_row_content_no_spaces\u00bb el_class=\u00bbbg1&#8243; css=\u00bb.vc_custom_1691289395655{background-color: #f8f9fb !important;}\u00bb][vc_column][vc_column_text] Capital social [\/vc_column_text][vc_row_inner][vc_column_inner width=\u00bb1\/2&#8243;][vc_column_text]Las acciones de CL\u00cdNICA BAVIERA S.A. cotizan en las Bolsas de Valores de Madrid, Barcelona, Bilbao y Valencia estando incorporadas en el Sistema de Interconexi\u00f3n Burs\u00e1til Espa\u00f1ol (Mercado &#8230; <a title=\"La acci\u00f3n y su capital social\" class=\"read-more\" href=\"https:\/\/grupobaviera.es\/accionistas-inversores\/la-accion-y-su-capital-social\/\" aria-label=\"Leer m\u00e1s sobre La acci\u00f3n y su capital social\">Leer m\u00e1s<\/a><\/p>\n","protected":false},"author":3,"featured_media":0,"parent":0,"menu_order":0,"comment_status":"closed","ping_status":"closed","template":"","meta":{"_acf_changed":false,"inline_featured_image":false,"footnotes":""},"class_list":["post-114","page","type-page","status-publish"],"acf":[],"_links":{"self":[{"href":"https:\/\/grupobaviera.es\/accionistas-inversores\/wp-json\/wp\/v2\/pages\/114","targetHints":{"allow":["GET"]}}],"collection":[{"href":"https:\/\/grupobaviera.es\/accionistas-inversores\/wp-json\/wp\/v2\/pages"}],"about":[{"href":"https:\/\/grupobaviera.es\/accionistas-inversores\/wp-json\/wp\/v2\/types\/page"}],"author":[{"embeddable":true,"href":"https:\/\/grupobaviera.es\/accionistas-inversores\/wp-json\/wp\/v2\/users\/3"}],"replies":[{"embeddable":true,"href":"https:\/\/grupobaviera.es\/accionistas-inversores\/wp-json\/wp\/v2\/comments?post=114"}],"version-history":[{"count":22,"href":"https:\/\/grupobaviera.es\/accionistas-inversores\/wp-json\/wp\/v2\/pages\/114\/revisions"}],"predecessor-version":[{"id":1348,"href":"https:\/\/grupobaviera.es\/accionistas-inversores\/wp-json\/wp\/v2\/pages\/114\/revisions\/1348"}],"wp:attachment":[{"href":"https:\/\/grupobaviera.es\/accionistas-inversores\/wp-json\/wp\/v2\/media?parent=114"}],"curies":[{"name":"wp","href":"https:\/\/api.w.org\/{rel}","templated":true}]}}